{"id":381104,"date":"2026-03-08T03:26:33","date_gmt":"2026-03-08T02:26:33","guid":{"rendered":"https:\/\/grupotextil.es\/producto\/reset-puffer\/"},"modified":"2026-03-08T03:26:33","modified_gmt":"2026-03-08T02:26:33","slug":"reset-puffer","status":"publish","type":"product","link":"https:\/\/grupotextil.es\/en\/product\/reset-puffer\/","title":{"rendered":"Reset Puffer"},"content":{"rendered":"<ul>\n<li>Exterior: 100 % nailon (certificado RCS), reciclado<\/li>\n<li>Relleno: 100 % poli\u00e9ster sint\u00e9tico (certificado RCS), reciclado<\/li>\n<li>Forro: 100 % nailon (certificado RCS), reciclado<\/li>\n<li>Recubrimiento repelente al agua duradero (DWR)<\/li>\n<li>Libre de PFAS\/fl\u00faor: cumple con la norma OEKO-TEX\u00ae STANDARD 100 (enero de 2024)<\/li>\n<li>Acabado repelente al agua DWR (repelente al agua duradero)<\/li>\n<li>Acolchado de plum\u00f3n sint\u00e9tico sostenible, ligero y c\u00e1lido.<\/li>\n<li>Capucha ajustable y desmontable con cuello alto acolchado, para una protecci\u00f3n personalizada.<\/li>\n<li>La solapa interna contra tormentas de longitud completa mejora la protecci\u00f3n contra el viento<\/li>\n<li>Pu\u00f1os de canal\u00e9 1&#215;1 con elastano para mayor aislamiento<\/li>\n<li>Dos bolsillos frontales con cremalleras<\/li>\n<li>Testeado y aprobado para todas las principales t\u00e9cnicas de decoraci\u00f3n<\/li>\n<li>Mu\u00f1ecas clasicas y cinta inferior con elastano<\/li>\n<\/ul>","protected":false},"excerpt":{"rendered":"<p>Exterior: 100 % nailon (certificado RCS), recicladoRelleno: 100 % poli\u00e9ster sint\u00e9tico (certificado RCS), recicladoForro: 100 % nailon (certificado RCS), recicladoRecubrimiento repelente al agua dur&#8230;<\/p>","protected":false},"featured_media":419665,"comment_status":"open","ping_status":"closed","template":"","meta":{"_acf_changed":false},"product_brand":[11653],"product_cat":[13991,13981,13990,13974,13930,13975,13973],"product_tag":[14010],"class_list":{"0":"post-381104","1":"product","2":"type-product","3":"status-publish","4":"has-post-thumbnail","6":"product_brand-b-c","7":"product_cat-m-chalecos","8":"product_cat-h-chaquetas-y-abrigos","9":"product_cat-m-chaquetas-y-abrigos","10":"product_cat-ropa-hombre","11":"product_cat-laboral","12":"product_cat-ropa-mujer","13":"product_cat-ropa","14":"product_tag-nuevo-2026","15":"tm-no-options","17":"first","18":"instock","19":"taxable","20":"shipping-taxable","21":"product-type-variable"},"acf":[],"_links":{"self":[{"href":"https:\/\/grupotextil.es\/en\/wp-json\/wp\/v2\/product\/381104","targetHints":{"allow":["GET"]}}],"collection":[{"href":"https:\/\/grupotextil.es\/en\/wp-json\/wp\/v2\/product"}],"about":[{"href":"https:\/\/grupotextil.es\/en\/wp-json\/wp\/v2\/types\/product"}],"replies":[{"embeddable":true,"href":"https:\/\/grupotextil.es\/en\/wp-json\/wp\/v2\/comments?post=381104"}],"wp:featuredmedia":[{"embeddable":true,"href":"https:\/\/grupotextil.es\/en\/wp-json\/wp\/v2\/media\/419665"}],"wp:attachment":[{"href":"https:\/\/grupotextil.es\/en\/wp-json\/wp\/v2\/media?parent=381104"}],"wp:term":[{"taxonomy":"product_brand","embeddable":true,"href":"https:\/\/grupotextil.es\/en\/wp-json\/wp\/v2\/product_brand?post=381104"},{"taxonomy":"product_cat","embeddable":true,"href":"https:\/\/grupotextil.es\/en\/wp-json\/wp\/v2\/product_cat?post=381104"},{"taxonomy":"product_tag","embeddable":true,"href":"https:\/\/grupotextil.es\/en\/wp-json\/wp\/v2\/product_tag?post=381104"}],"curies":[{"name":"wp","href":"https:\/\/api.w.org\/{rel}","templated":true}]}}