{"id":381732,"date":"2026-03-08T03:29:26","date_gmt":"2026-03-08T02:29:26","guid":{"rendered":"https:\/\/grupotextil.es\/producto\/chaqueta-trooper-mujer\/"},"modified":"2026-03-08T03:29:26","modified_gmt":"2026-03-08T02:29:26","slug":"chaqueta-trooper-mujer","status":"publish","type":"product","link":"https:\/\/grupotextil.es\/en\/product\/chaqueta-trooper-mujer\/","title":{"rendered":"Chaqueta Trooper mujer"},"content":{"rendered":"<ul>\n<li>70 g\/m\u00b2<\/li>\n<li>Exterior: 100% poli\u00e9ster (Taffetta 210T), con capa PU<\/li>\n<li>Forro: 100% poli\u00e9ster (malla)<\/li>\n<li>Forro de la manga: 100% poli\u00e9ster (Taffetta)<\/li>\n<li>Interior en color contrastado (chaqueta blanca tiene inteterior blanco)<\/li>\n<li>Repelente al agua (400 mm) y resistente al viento<\/li>\n<li>Capucha oculta en cuello<\/li>\n<li>Costura en la parte delantera del hombro<\/li>\n<li>Cremallera entera<\/li>\n<li>2 bolsillos laterales, 1 bolsillo interior<\/li>\n<li>Pu\u00f1os y dobladillo inferior con elastano en canal\u00e9<\/li>\n<li>Costuras reforzadas<\/li>\n<li>Corte femenino<\/li>\n<li>Acceso personalizaci\u00f3n: cremallera en la parte trasera<\/li>\n<\/ul>","protected":false},"excerpt":{"rendered":"<p>70 g\/m\u00b2Exterior: 100% poli\u00e9ster (Taffetta 210T), con capa PUForro: 100% poli\u00e9ster (malla)Forro de la manga: 100% poli\u00e9ster (Taffetta)Interior en color contrastado (chaqueta blanca tiene inteterior bla<\/p>","protected":false},"featured_media":419869,"comment_status":"open","ping_status":"closed","template":"","meta":{"_acf_changed":false},"product_brand":[11653],"product_cat":[13991,13982,13981,13990,13974,13975,13973],"product_tag":[],"class_list":{"0":"post-381732","1":"product","2":"type-product","3":"status-publish","4":"has-post-thumbnail","6":"product_brand-b-c","7":"product_cat-m-chalecos","8":"product_cat-h-chalecos","9":"product_cat-h-chaquetas-y-abrigos","10":"product_cat-m-chaquetas-y-abrigos","11":"product_cat-ropa-hombre","12":"product_cat-ropa-mujer","13":"product_cat-ropa","14":"tm-no-options","16":"first","17":"instock","18":"taxable","19":"shipping-taxable","20":"product-type-variable"},"acf":[],"_links":{"self":[{"href":"https:\/\/grupotextil.es\/en\/wp-json\/wp\/v2\/product\/381732","targetHints":{"allow":["GET"]}}],"collection":[{"href":"https:\/\/grupotextil.es\/en\/wp-json\/wp\/v2\/product"}],"about":[{"href":"https:\/\/grupotextil.es\/en\/wp-json\/wp\/v2\/types\/product"}],"replies":[{"embeddable":true,"href":"https:\/\/grupotextil.es\/en\/wp-json\/wp\/v2\/comments?post=381732"}],"wp:featuredmedia":[{"embeddable":true,"href":"https:\/\/grupotextil.es\/en\/wp-json\/wp\/v2\/media\/419869"}],"wp:attachment":[{"href":"https:\/\/grupotextil.es\/en\/wp-json\/wp\/v2\/media?parent=381732"}],"wp:term":[{"taxonomy":"product_brand","embeddable":true,"href":"https:\/\/grupotextil.es\/en\/wp-json\/wp\/v2\/product_brand?post=381732"},{"taxonomy":"product_cat","embeddable":true,"href":"https:\/\/grupotextil.es\/en\/wp-json\/wp\/v2\/product_cat?post=381732"},{"taxonomy":"product_tag","embeddable":true,"href":"https:\/\/grupotextil.es\/en\/wp-json\/wp\/v2\/product_tag?post=381732"}],"curies":[{"name":"wp","href":"https:\/\/api.w.org\/{rel}","templated":true}]}}