{"id":382359,"date":"2026-03-08T03:32:06","date_gmt":"2026-03-08T02:32:06","guid":{"rendered":"https:\/\/grupotextil.es\/producto\/chaqueta-attitude-mujer\/"},"modified":"2026-03-08T03:32:06","modified_gmt":"2026-03-08T02:32:06","slug":"chaqueta-attitude-mujer","status":"publish","type":"product","link":"https:\/\/grupotextil.es\/en\/product\/chaqueta-attitude-mujer\/","title":{"rendered":"Chaqueta Attitude mujer"},"content":{"rendered":"<ul>\n<li>Exterior: 45 g\/m\u00b2 (CDN)<\/li>\n<li>100% nylon micro ripstop<\/li>\n<li>Relleno: 100% poli\u00e9ster polyfill<\/li>\n<li>Mangas articuladas<\/li>\n<li>Bolsillo entero, parcialmente en color de contraste<\/li>\n<li>Solapa interior entera<\/li>\n<li>Bolsillos calientamanos tricot cepillado<\/li>\n<li>Acceso para bordado<\/li>\n<li>Este producto est\u00e1 respaldado por una garant\u00eda de 5 a\u00f1os.<\/li>\n<\/ul>","protected":false},"excerpt":{"rendered":"<p>Exterior: 45 g\/m\u00b2 (CDN)100% nylon micro ripstopRelleno: 100% poli\u00e9ster polyfillMangas articuladasBolsillo entero, parcialmente en color de contrasteSolapa interior enteraBolsillos calientamanos tri&#8230;<\/p>","protected":false},"featured_media":420147,"comment_status":"open","ping_status":"closed","template":"","meta":{"_acf_changed":false},"product_brand":[11664],"product_cat":[13981,13990,13974,13975,13973],"product_tag":[],"class_list":{"0":"post-382359","1":"product","2":"type-product","3":"status-publish","4":"has-post-thumbnail","6":"product_brand-stormtech","7":"product_cat-h-chaquetas-y-abrigos","8":"product_cat-m-chaquetas-y-abrigos","9":"product_cat-ropa-hombre","10":"product_cat-ropa-mujer","11":"product_cat-ropa","12":"tm-no-options","14":"first","15":"instock","16":"taxable","17":"shipping-taxable","18":"product-type-variable"},"acf":[],"_links":{"self":[{"href":"https:\/\/grupotextil.es\/en\/wp-json\/wp\/v2\/product\/382359","targetHints":{"allow":["GET"]}}],"collection":[{"href":"https:\/\/grupotextil.es\/en\/wp-json\/wp\/v2\/product"}],"about":[{"href":"https:\/\/grupotextil.es\/en\/wp-json\/wp\/v2\/types\/product"}],"replies":[{"embeddable":true,"href":"https:\/\/grupotextil.es\/en\/wp-json\/wp\/v2\/comments?post=382359"}],"wp:featuredmedia":[{"embeddable":true,"href":"https:\/\/grupotextil.es\/en\/wp-json\/wp\/v2\/media\/420147"}],"wp:attachment":[{"href":"https:\/\/grupotextil.es\/en\/wp-json\/wp\/v2\/media?parent=382359"}],"wp:term":[{"taxonomy":"product_brand","embeddable":true,"href":"https:\/\/grupotextil.es\/en\/wp-json\/wp\/v2\/product_brand?post=382359"},{"taxonomy":"product_cat","embeddable":true,"href":"https:\/\/grupotextil.es\/en\/wp-json\/wp\/v2\/product_cat?post=382359"},{"taxonomy":"product_tag","embeddable":true,"href":"https:\/\/grupotextil.es\/en\/wp-json\/wp\/v2\/product_tag?post=382359"}],"curies":[{"name":"wp","href":"https:\/\/api.w.org\/{rel}","templated":true}]}}