{"id":382494,"date":"2026-03-08T03:32:12","date_gmt":"2026-03-08T02:32:12","guid":{"rendered":"https:\/\/grupotextil.es\/producto\/cortavientos-reset-lined\/"},"modified":"2026-03-08T03:32:12","modified_gmt":"2026-03-08T02:32:12","slug":"cortavientos-reset-lined","status":"publish","type":"product","link":"https:\/\/grupotextil.es\/en\/product\/cortavientos-reset-lined\/","title":{"rendered":"Cortavientos Reset Lined"},"content":{"rendered":"<ul>\n<li>Cuerpo exterior: 100 % poli\u00e9ster (reciclado) (certificado RCS)<\/li>\n<li>Forro del cuerpo: malla 100 % poli\u00e9ster (reciclado) (certificado RCS)<\/li>\n<li>Forro de la manga: 100 % poli\u00e9ster (reciclado) (certificado RCS)<\/li>\n<li>Recubrimiento repelente al agua duradero (DWR)<\/li>\n<li>Libre de PFAS\/fl\u00faor: cumple con la norma OEKO-TEX\u00ae STANDARD 100 (enero de 2024)<\/li>\n<li>Ajuste contempor\u00e1neo verdaderamente neutral en cuanto al g\u00e9nero<\/li>\n<li>Mangas ragl\u00e1n para facilitar el movimiento.<\/li>\n<li>2 bolsillos delanteros con cremalleras<\/li>\n<li>Pu\u00f1os semiel\u00e1sticos<\/li>\n<li>Dobladillo inferior ajustable con cord\u00f3n para un mejor ajuste.<\/li>\n<li>Mu\u00f1ecas semi-el\u00e1sticas<\/li>\n<li>Cinta inferior ajustable con cuerda, para un mayor fit<\/li>\n<li>F\u00e1cil acceso para decoraci\u00f3n en los paneles frontales y traseros.<\/li>\n<li>Testeado y aprobado para todas las principales t\u00e9cnicas de decoraci\u00f3n<\/li>\n<li>Sin etiqueta, para f\u00e1cil rebranding<\/li>\n<\/ul>","protected":false},"excerpt":{"rendered":"<p>Cuerpo exterior: 100 % poli\u00e9ster (reciclado) (certificado RCS)Forro del cuerpo: malla 100 % poli\u00e9ster (reciclado) (certificado RCS)Forro de la manga: 100 % poli\u00e9ster (reciclado) (certificado RCS)Re&#8230;<\/p>","protected":false},"featured_media":420265,"comment_status":"open","ping_status":"closed","template":"","meta":{"_acf_changed":false},"product_brand":[11653],"product_cat":[13981,13990,13974,13975,13973],"product_tag":[14010],"class_list":{"0":"post-382494","1":"product","2":"type-product","3":"status-publish","4":"has-post-thumbnail","6":"product_brand-b-c","7":"product_cat-h-chaquetas-y-abrigos","8":"product_cat-m-chaquetas-y-abrigos","9":"product_cat-ropa-hombre","10":"product_cat-ropa-mujer","11":"product_cat-ropa","12":"product_tag-nuevo-2026","13":"tm-no-options","15":"first","16":"instock","17":"taxable","18":"shipping-taxable","19":"product-type-variable"},"acf":[],"_links":{"self":[{"href":"https:\/\/grupotextil.es\/en\/wp-json\/wp\/v2\/product\/382494","targetHints":{"allow":["GET"]}}],"collection":[{"href":"https:\/\/grupotextil.es\/en\/wp-json\/wp\/v2\/product"}],"about":[{"href":"https:\/\/grupotextil.es\/en\/wp-json\/wp\/v2\/types\/product"}],"replies":[{"embeddable":true,"href":"https:\/\/grupotextil.es\/en\/wp-json\/wp\/v2\/comments?post=382494"}],"wp:featuredmedia":[{"embeddable":true,"href":"https:\/\/grupotextil.es\/en\/wp-json\/wp\/v2\/media\/420265"}],"wp:attachment":[{"href":"https:\/\/grupotextil.es\/en\/wp-json\/wp\/v2\/media?parent=382494"}],"wp:term":[{"taxonomy":"product_brand","embeddable":true,"href":"https:\/\/grupotextil.es\/en\/wp-json\/wp\/v2\/product_brand?post=382494"},{"taxonomy":"product_cat","embeddable":true,"href":"https:\/\/grupotextil.es\/en\/wp-json\/wp\/v2\/product_cat?post=382494"},{"taxonomy":"product_tag","embeddable":true,"href":"https:\/\/grupotextil.es\/en\/wp-json\/wp\/v2\/product_tag?post=382494"}],"curies":[{"name":"wp","href":"https:\/\/api.w.org\/{rel}","templated":true}]}}