{"id":382985,"date":"2026-03-08T03:35:19","date_gmt":"2026-03-08T02:35:19","guid":{"rendered":"https:\/\/grupotextil.es\/producto\/cortavientos-reset-para-ninos\/"},"modified":"2026-03-08T03:35:19","modified_gmt":"2026-03-08T02:35:19","slug":"cortavientos-reset-para-ninos","status":"publish","type":"product","link":"https:\/\/grupotextil.es\/en\/product\/cortavientos-reset-para-ninos\/","title":{"rendered":"Cortavientos #Reset para Kidss"},"content":{"rendered":"<ul>\n<li>100% poli\u00e9ster (reciclado) (certificado RCS),<\/li>\n<li>Recubrimiento repelente al agua duradero (DWR)<\/li>\n<li>Libre de PFAS\/fl\u00faor: cumple con la norma OEKO-TEX\u00ae STANDARD 100 (enero de 2024)<\/li>\n<li>Dise\u00f1ado para ni\u00f1os y ni\u00f1as (neutral en cuanto al g\u00e9nero), desde ni\u00f1os hasta adolescentes #inclusivo<\/li>\n<li>Resistente al agua #protecci\u00f3n<\/li>\n<li>Capucha el\u00e1stica que cumple con las normas de seguridad #ni\u00f1os<\/li>\n<li>Mangas ragl\u00e1n #comodidad<\/li>\n<li>2 bolsillos delanteros #pr\u00e1ctico<\/li>\n<li>Se puede guardar en el bolsillo con cremallera y llevar en la cintura con banda el\u00e1stica y cierre de hebilla. #Vers\u00e1til<\/li>\n<li>Pu\u00f1os semiel\u00e1sticos #aislamiento<\/li>\n<\/ul>","protected":false},"excerpt":{"rendered":"<p>100% poli\u00e9ster (reciclado) (certificado RCS),Recubrimiento repelente al agua duradero (DWR)Libre de PFAS\/fl\u00faor: cumple con la norma OEKO-TEX\u00ae STANDARD 100 (enero de 2024)Dise\u00f1ado para ni\u00f1os y ni\u00f1as&#8230;<\/p>","protected":false},"featured_media":420477,"comment_status":"open","ping_status":"closed","template":"","meta":{"_acf_changed":false},"product_brand":[11653],"product_cat":[13981,13990,13974,13975,13973],"product_tag":[14010],"class_list":{"0":"post-382985","1":"product","2":"type-product","3":"status-publish","4":"has-post-thumbnail","6":"product_brand-b-c","7":"product_cat-h-chaquetas-y-abrigos","8":"product_cat-m-chaquetas-y-abrigos","9":"product_cat-ropa-hombre","10":"product_cat-ropa-mujer","11":"product_cat-ropa","12":"product_tag-nuevo-2026","13":"tm-no-options","15":"first","16":"instock","17":"taxable","18":"shipping-taxable","19":"product-type-variable"},"acf":[],"_links":{"self":[{"href":"https:\/\/grupotextil.es\/en\/wp-json\/wp\/v2\/product\/382985","targetHints":{"allow":["GET"]}}],"collection":[{"href":"https:\/\/grupotextil.es\/en\/wp-json\/wp\/v2\/product"}],"about":[{"href":"https:\/\/grupotextil.es\/en\/wp-json\/wp\/v2\/types\/product"}],"replies":[{"embeddable":true,"href":"https:\/\/grupotextil.es\/en\/wp-json\/wp\/v2\/comments?post=382985"}],"wp:featuredmedia":[{"embeddable":true,"href":"https:\/\/grupotextil.es\/en\/wp-json\/wp\/v2\/media\/420477"}],"wp:attachment":[{"href":"https:\/\/grupotextil.es\/en\/wp-json\/wp\/v2\/media?parent=382985"}],"wp:term":[{"taxonomy":"product_brand","embeddable":true,"href":"https:\/\/grupotextil.es\/en\/wp-json\/wp\/v2\/product_brand?post=382985"},{"taxonomy":"product_cat","embeddable":true,"href":"https:\/\/grupotextil.es\/en\/wp-json\/wp\/v2\/product_cat?post=382985"},{"taxonomy":"product_tag","embeddable":true,"href":"https:\/\/grupotextil.es\/en\/wp-json\/wp\/v2\/product_tag?post=382985"}],"curies":[{"name":"wp","href":"https:\/\/api.w.org\/{rel}","templated":true}]}}