{"id":383057,"date":"2026-03-08T03:36:17","date_gmt":"2026-03-08T02:36:17","guid":{"rendered":"https:\/\/grupotextil.es\/producto\/chaqueta-campus\/"},"modified":"2026-03-08T03:36:17","modified_gmt":"2026-03-08T02:36:17","slug":"chaqueta-campus","status":"publish","type":"product","link":"https:\/\/grupotextil.es\/en\/product\/chaqueta-campus\/","title":{"rendered":"Jacket Campus"},"content":{"rendered":"<ul>\n<li>300 g\/m\u00b2<\/li>\n<li>80% algod\u00f3n, 20% poli\u00e9ster<\/li>\n<li>No desti\u00f1e<\/li>\n<li>Encintado del mismo color en la parte posterior del cuello<\/li>\n<li>Mangas del mismo color<\/li>\n<li>Corchetes en contraste<\/li>\n<li>Bolsillos laterales de ojal<\/li>\n<li>Canal\u00e9 en pu\u00f1os y bajo con rayas en contraste<\/li>\n<li>Puntos de doble aguja<\/li>\n<li>Estilo unisex<\/li>\n<\/ul>","protected":false},"excerpt":{"rendered":"<p>300 g\/m\u00b280% algod\u00f3n, 20% poli\u00e9sterNo desti\u00f1eEncintado del mismo color en la parte posterior del cuelloMangas del mismo colorCorchetes en contrasteBolsillos laterales de ojalCanal\u00e9 en pu\u00f1os y bajo con<\/p>","protected":false},"featured_media":420505,"comment_status":"open","ping_status":"closed","template":"","meta":{"_acf_changed":false},"product_brand":[11677],"product_cat":[13981,13990,13974,13975,13973],"product_tag":[],"class_list":{"0":"post-383057","1":"product","2":"type-product","3":"status-publish","4":"has-post-thumbnail","6":"product_brand-fdm","7":"product_cat-h-chaquetas-y-abrigos","8":"product_cat-m-chaquetas-y-abrigos","9":"product_cat-ropa-hombre","10":"product_cat-ropa-mujer","11":"product_cat-ropa","12":"tm-no-options","14":"first","15":"instock","16":"taxable","17":"shipping-taxable","18":"product-type-variable"},"acf":[],"_links":{"self":[{"href":"https:\/\/grupotextil.es\/en\/wp-json\/wp\/v2\/product\/383057","targetHints":{"allow":["GET"]}}],"collection":[{"href":"https:\/\/grupotextil.es\/en\/wp-json\/wp\/v2\/product"}],"about":[{"href":"https:\/\/grupotextil.es\/en\/wp-json\/wp\/v2\/types\/product"}],"replies":[{"embeddable":true,"href":"https:\/\/grupotextil.es\/en\/wp-json\/wp\/v2\/comments?post=383057"}],"wp:featuredmedia":[{"embeddable":true,"href":"https:\/\/grupotextil.es\/en\/wp-json\/wp\/v2\/media\/420505"}],"wp:attachment":[{"href":"https:\/\/grupotextil.es\/en\/wp-json\/wp\/v2\/media?parent=383057"}],"wp:term":[{"taxonomy":"product_brand","embeddable":true,"href":"https:\/\/grupotextil.es\/en\/wp-json\/wp\/v2\/product_brand?post=383057"},{"taxonomy":"product_cat","embeddable":true,"href":"https:\/\/grupotextil.es\/en\/wp-json\/wp\/v2\/product_cat?post=383057"},{"taxonomy":"product_tag","embeddable":true,"href":"https:\/\/grupotextil.es\/en\/wp-json\/wp\/v2\/product_tag?post=383057"}],"curies":[{"name":"wp","href":"https:\/\/api.w.org\/{rel}","templated":true}]}}