{"id":383285,"date":"2026-03-08T03:36:35","date_gmt":"2026-03-08T02:36:35","guid":{"rendered":"https:\/\/grupotextil.es\/producto\/softshell-patrol\/"},"modified":"2026-03-08T03:36:35","modified_gmt":"2026-03-08T02:36:35","slug":"softshell-patrol","status":"publish","type":"product","link":"https:\/\/grupotextil.es\/en\/product\/softshell-patrol\/","title":{"rendered":"Softshell Patrol"},"content":{"rendered":"<ul>\n<li>240 g\/m\u00b2<\/li>\n<li>100% poli\u00e9ster con elasticidad<\/li>\n<li>Interior reforzado con tejido de punto simple<\/li>\n<li>Impermeable (10.000 mm) y transpirable (3.000 g\/m\u00b2 en 24 h)<\/li>\n<li>Capucha desmontable articulada ajustable con cord\u00f3n<\/li>\n<li>Cremallera completa impermeable<\/li>\n<li>Bolsillos en el pecho con cremallera y bolsillos laterales forrados con tricot cepillado<\/li>\n<li>Articulaci\u00f3n en los codos<\/li>\n<li>Pu\u00f1os y dobladillo ajustables<\/li>\n<li>Espalda m\u00e1s larga<\/li>\n<li>Costuras selladas.<\/li>\n<li>Este producto est\u00e1 respaldado por una garant\u00eda de 5 a\u00f1os.<\/li>\n<\/ul>","protected":false},"excerpt":{"rendered":"<p>240 g\/m\u00b2100% poli\u00e9ster con elasticidadInterior reforzado con tejido de punto simpleImpermeable (10.<\/p>","protected":false},"featured_media":420601,"comment_status":"open","ping_status":"closed","template":"","meta":{"_acf_changed":false},"product_brand":[11664],"product_cat":[13974,13975,13973,13980,13989],"product_tag":[14009],"class_list":{"0":"post-383285","1":"product","2":"type-product","3":"status-publish","4":"has-post-thumbnail","6":"product_brand-stormtech","7":"product_cat-ropa-hombre","8":"product_cat-ropa-mujer","9":"product_cat-ropa","10":"product_cat-h-sudaderas","11":"product_cat-m-sudaderas","12":"product_tag-top-ventas","13":"tm-no-options","15":"first","16":"instock","17":"taxable","18":"shipping-taxable","19":"product-type-variable"},"acf":[],"_links":{"self":[{"href":"https:\/\/grupotextil.es\/en\/wp-json\/wp\/v2\/product\/383285","targetHints":{"allow":["GET"]}}],"collection":[{"href":"https:\/\/grupotextil.es\/en\/wp-json\/wp\/v2\/product"}],"about":[{"href":"https:\/\/grupotextil.es\/en\/wp-json\/wp\/v2\/types\/product"}],"replies":[{"embeddable":true,"href":"https:\/\/grupotextil.es\/en\/wp-json\/wp\/v2\/comments?post=383285"}],"wp:featuredmedia":[{"embeddable":true,"href":"https:\/\/grupotextil.es\/en\/wp-json\/wp\/v2\/media\/420601"}],"wp:attachment":[{"href":"https:\/\/grupotextil.es\/en\/wp-json\/wp\/v2\/media?parent=383285"}],"wp:term":[{"taxonomy":"product_brand","embeddable":true,"href":"https:\/\/grupotextil.es\/en\/wp-json\/wp\/v2\/product_brand?post=383285"},{"taxonomy":"product_cat","embeddable":true,"href":"https:\/\/grupotextil.es\/en\/wp-json\/wp\/v2\/product_cat?post=383285"},{"taxonomy":"product_tag","embeddable":true,"href":"https:\/\/grupotextil.es\/en\/wp-json\/wp\/v2\/product_tag?post=383285"}],"curies":[{"name":"wp","href":"https:\/\/api.w.org\/{rel}","templated":true}]}}