{"id":383454,"date":"2026-03-08T03:36:42","date_gmt":"2026-03-08T02:36:42","guid":{"rendered":"https:\/\/grupotextil.es\/producto\/chaleco-termico-stravanger-mujer\/"},"modified":"2026-03-08T03:36:42","modified_gmt":"2026-03-08T02:36:42","slug":"chaleco-termico-stravanger-mujer","status":"publish","type":"product","link":"https:\/\/grupotextil.es\/en\/product\/chaleco-termico-stravanger-mujer\/","title":{"rendered":"Chaleco t\u00e9rmico Stravanger mujer"},"content":{"rendered":"<ul>\n<li>40 g\/m\u00b2<\/li>\n<li>100% nylon (recubrimiento PU)<\/li>\n<li>Repelente al agua libre de PFC<\/li>\n<li>Cremallera entera con protector de barbilla<\/li>\n<li>Bolsillo interior<\/li>\n<li>Bolsillos laterales con cremallera<\/li>\n<li>Dobladillo ajustable<\/li>\n<li>Se puede doblar y guardar dentro se su propio bolsillo<\/li>\n<li>Ajustado<\/li>\n<li>Este producto est\u00e1 respaldado por una garant\u00eda de 5 a\u00f1os.<\/li>\n<\/ul>","protected":false},"excerpt":{"rendered":"<p>40 g\/m\u00b2100% nylon (recubrimiento PU)Repelente al agua libre de PFCCremallera entera con protector de barbillaBolsillo interiorBolsillos laterales con cremalleraDobladillo ajustableSe puede doblar y&#8230;<\/p>","protected":false},"featured_media":420741,"comment_status":"open","ping_status":"closed","template":"","meta":{"_acf_changed":false},"product_brand":[11664],"product_cat":[13990,13981,13974,13975,13973],"product_tag":[],"class_list":{"0":"post-383454","1":"product","2":"type-product","3":"status-publish","4":"has-post-thumbnail","6":"product_brand-stormtech","7":"product_cat-m-chaquetas-y-abrigos","8":"product_cat-h-chaquetas-y-abrigos","9":"product_cat-ropa-hombre","10":"product_cat-ropa-mujer","11":"product_cat-ropa","12":"tm-no-options","14":"first","15":"instock","16":"taxable","17":"shipping-taxable","18":"product-type-variable"},"acf":[],"_links":{"self":[{"href":"https:\/\/grupotextil.es\/en\/wp-json\/wp\/v2\/product\/383454","targetHints":{"allow":["GET"]}}],"collection":[{"href":"https:\/\/grupotextil.es\/en\/wp-json\/wp\/v2\/product"}],"about":[{"href":"https:\/\/grupotextil.es\/en\/wp-json\/wp\/v2\/types\/product"}],"replies":[{"embeddable":true,"href":"https:\/\/grupotextil.es\/en\/wp-json\/wp\/v2\/comments?post=383454"}],"wp:featuredmedia":[{"embeddable":true,"href":"https:\/\/grupotextil.es\/en\/wp-json\/wp\/v2\/media\/420741"}],"wp:attachment":[{"href":"https:\/\/grupotextil.es\/en\/wp-json\/wp\/v2\/media?parent=383454"}],"wp:term":[{"taxonomy":"product_brand","embeddable":true,"href":"https:\/\/grupotextil.es\/en\/wp-json\/wp\/v2\/product_brand?post=383454"},{"taxonomy":"product_cat","embeddable":true,"href":"https:\/\/grupotextil.es\/en\/wp-json\/wp\/v2\/product_cat?post=383454"},{"taxonomy":"product_tag","embeddable":true,"href":"https:\/\/grupotextil.es\/en\/wp-json\/wp\/v2\/product_tag?post=383454"}],"curies":[{"name":"wp","href":"https:\/\/api.w.org\/{rel}","templated":true}]}}