{"id":383567,"date":"2026-03-08T03:37:21","date_gmt":"2026-03-08T02:37:21","guid":{"rendered":"https:\/\/grupotextil.es\/producto\/chaqueta-universitaria-ninos\/"},"modified":"2026-03-08T03:37:21","modified_gmt":"2026-03-08T02:37:21","slug":"chaqueta-universitaria-ninos","status":"publish","type":"product","link":"https:\/\/grupotextil.es\/en\/product\/chaqueta-universitaria-ninos\/","title":{"rendered":"Jacket Universitaria Kidss"},"content":{"rendered":"<ul>\n<li>300 g\/m\u00b2<\/li>\n<li>80% algod\u00f3n, 20% poli\u00e9ster<\/li>\n<li>Estilo unisex de ni\u00f1o<\/li>\n<li>No desti\u00f1e<\/li>\n<li>Encintado en la parte posterior del cuello<\/li>\n<li>Mangas en contraste<\/li>\n<li>Corchetes en contraste<\/li>\n<li>Puntos de doble aguja<\/li>\n<li>Bolsillos de ojal laterales en contraste<\/li>\n<\/ul>","protected":false},"excerpt":{"rendered":"<p>300 g\/m\u00b280% algod\u00f3n, 20% poli\u00e9sterEstilo unisex de ni\u00f1oNo desti\u00f1eEncintado en la parte posterior del cuelloMangas en contrasteCorchetes en contrastePuntos de doble agujaBolsillos de ojal laterales en<\/p>","protected":false},"featured_media":420827,"comment_status":"open","ping_status":"closed","template":"","meta":{"_acf_changed":false},"product_brand":[11677],"product_cat":[13990,13981,13974,13975,13973],"product_tag":[],"class_list":{"0":"post-383567","1":"product","2":"type-product","3":"status-publish","4":"has-post-thumbnail","6":"product_brand-fdm","7":"product_cat-m-chaquetas-y-abrigos","8":"product_cat-h-chaquetas-y-abrigos","9":"product_cat-ropa-hombre","10":"product_cat-ropa-mujer","11":"product_cat-ropa","12":"tm-no-options","14":"first","15":"instock","16":"taxable","17":"shipping-taxable","18":"product-type-variable"},"acf":[],"_links":{"self":[{"href":"https:\/\/grupotextil.es\/en\/wp-json\/wp\/v2\/product\/383567","targetHints":{"allow":["GET"]}}],"collection":[{"href":"https:\/\/grupotextil.es\/en\/wp-json\/wp\/v2\/product"}],"about":[{"href":"https:\/\/grupotextil.es\/en\/wp-json\/wp\/v2\/types\/product"}],"replies":[{"embeddable":true,"href":"https:\/\/grupotextil.es\/en\/wp-json\/wp\/v2\/comments?post=383567"}],"wp:featuredmedia":[{"embeddable":true,"href":"https:\/\/grupotextil.es\/en\/wp-json\/wp\/v2\/media\/420827"}],"wp:attachment":[{"href":"https:\/\/grupotextil.es\/en\/wp-json\/wp\/v2\/media?parent=383567"}],"wp:term":[{"taxonomy":"product_brand","embeddable":true,"href":"https:\/\/grupotextil.es\/en\/wp-json\/wp\/v2\/product_brand?post=383567"},{"taxonomy":"product_cat","embeddable":true,"href":"https:\/\/grupotextil.es\/en\/wp-json\/wp\/v2\/product_cat?post=383567"},{"taxonomy":"product_tag","embeddable":true,"href":"https:\/\/grupotextil.es\/en\/wp-json\/wp\/v2\/product_tag?post=383567"}],"curies":[{"name":"wp","href":"https:\/\/api.w.org\/{rel}","templated":true}]}}