{"id":383748,"date":"2026-03-08T03:38:01","date_gmt":"2026-03-08T02:38:01","guid":{"rendered":"https:\/\/grupotextil.es\/producto\/cortavientos-sirocco\/"},"modified":"2026-03-08T03:38:01","modified_gmt":"2026-03-08T02:38:01","slug":"cortavientos-sirocco","status":"publish","type":"product","link":"https:\/\/grupotextil.es\/en\/product\/cortavientos-sirocco\/","title":{"rendered":"Cortavientos Sirocco"},"content":{"rendered":"<ul>\n<li>100% nylon taffeta<\/li>\n<li>Resistente al agua<\/li>\n<li>Cuello con capucha oculta y cord\u00f3n<\/li>\n<li>Cremallera entera<\/li>\n<li>Bolsillo exterior en el lado derecho<\/li>\n<li>Mangas con pu\u00f1os el\u00e1sticos<\/li>\n<li>Bajo ajustable con cord\u00f3n<\/li>\n<li>Sistema K-Way\u00ae: bolsillo con doble cremallera donde enrollar y guardar la prenda, y tiras el\u00e1sticas para ajustar en la cintura<\/li>\n<\/ul>","protected":false},"excerpt":{"rendered":"<p>100% nylon taffetaResistente al aguaCuello con capucha oculta y cord\u00f3nCremallera enteraBolsillo exterior en el lado derechoMangas con pu\u00f1os el\u00e1sticosBajo ajustable con cord\u00f3nSistema K-Way\u00ae: bolsillo c<\/p>","protected":false},"featured_media":420928,"comment_status":"open","ping_status":"closed","template":"","meta":{"_acf_changed":false},"product_brand":[11653],"product_cat":[13981,13990,13974,13930,13975,13973],"product_tag":[14009],"class_list":{"0":"post-383748","1":"product","2":"type-product","3":"status-publish","4":"has-post-thumbnail","6":"product_brand-b-c","7":"product_cat-h-chaquetas-y-abrigos","8":"product_cat-m-chaquetas-y-abrigos","9":"product_cat-ropa-hombre","10":"product_cat-laboral","11":"product_cat-ropa-mujer","12":"product_cat-ropa","13":"product_tag-top-ventas","14":"tm-no-options","16":"first","17":"instock","18":"taxable","19":"shipping-taxable","20":"product-type-variable"},"acf":[],"_links":{"self":[{"href":"https:\/\/grupotextil.es\/en\/wp-json\/wp\/v2\/product\/383748","targetHints":{"allow":["GET"]}}],"collection":[{"href":"https:\/\/grupotextil.es\/en\/wp-json\/wp\/v2\/product"}],"about":[{"href":"https:\/\/grupotextil.es\/en\/wp-json\/wp\/v2\/types\/product"}],"replies":[{"embeddable":true,"href":"https:\/\/grupotextil.es\/en\/wp-json\/wp\/v2\/comments?post=383748"}],"wp:featuredmedia":[{"embeddable":true,"href":"https:\/\/grupotextil.es\/en\/wp-json\/wp\/v2\/media\/420928"}],"wp:attachment":[{"href":"https:\/\/grupotextil.es\/en\/wp-json\/wp\/v2\/media?parent=383748"}],"wp:term":[{"taxonomy":"product_brand","embeddable":true,"href":"https:\/\/grupotextil.es\/en\/wp-json\/wp\/v2\/product_brand?post=383748"},{"taxonomy":"product_cat","embeddable":true,"href":"https:\/\/grupotextil.es\/en\/wp-json\/wp\/v2\/product_cat?post=383748"},{"taxonomy":"product_tag","embeddable":true,"href":"https:\/\/grupotextil.es\/en\/wp-json\/wp\/v2\/product_tag?post=383748"}],"curies":[{"name":"wp","href":"https:\/\/api.w.org\/{rel}","templated":true}]}}