{"id":384061,"date":"2026-03-08T03:39:33","date_gmt":"2026-03-08T02:39:33","guid":{"rendered":"https:\/\/grupotextil.es\/producto\/polo-pique-softstyle-mujer\/"},"modified":"2026-03-08T03:39:33","modified_gmt":"2026-03-08T02:39:33","slug":"polo-pique-softstyle-mujer","status":"publish","type":"product","link":"https:\/\/grupotextil.es\/en\/product\/polo-pique-softstyle-mujer\/","title":{"rendered":"Polo piqu\u00e9 Softstyle mujer"},"content":{"rendered":"<ul>\n<li>177 g\/m\u00b2 (White: 172 g\/m\u00b2)<\/li>\n<li>100% algod\u00f3n ring-spun<\/li>\n<li>Sport Grey: 90% algod\u00f3n, 10% poli\u00e9ster<\/li>\n<li>Cuello contorneado<\/li>\n<li>Sobrecostura hombros<\/li>\n<li>Tapeta reforzada<\/li>\n<li>3 botones del mismo color<\/li>\n<li>Dobladillo inferior y manga a doble aguja<\/li>\n<li>Costuras laterales<\/li>\n<li>Semiajustado<\/li>\n<li>F\u00e1cil de reetiquetar<\/li>\n<\/ul>","protected":false},"excerpt":{"rendered":"<p>177 g\/m\u00b2 (White: 172 g\/m\u00b2)100% algod\u00f3n ring-spunSport Grey: 90% algod\u00f3n, 10% poli\u00e9sterCuello contorneadoSobrecostura hombrosTapeta reforzada3 botones del mismo colorDobladillo inferior y manga a doble<\/p>","protected":false},"featured_media":420976,"comment_status":"open","ping_status":"closed","template":"","meta":{"_acf_changed":false},"product_brand":[11666],"product_cat":[13974,13975,13979,13988,13973],"product_tag":[],"class_list":{"0":"post-384061","1":"product","2":"type-product","3":"status-publish","4":"has-post-thumbnail","6":"product_brand-gildan","7":"product_cat-ropa-hombre","8":"product_cat-ropa-mujer","9":"product_cat-h-polos","10":"product_cat-m-polos","11":"product_cat-ropa","12":"tm-no-options","14":"first","15":"instock","16":"taxable","17":"shipping-taxable","18":"product-type-variable"},"acf":[],"_links":{"self":[{"href":"https:\/\/grupotextil.es\/en\/wp-json\/wp\/v2\/product\/384061","targetHints":{"allow":["GET"]}}],"collection":[{"href":"https:\/\/grupotextil.es\/en\/wp-json\/wp\/v2\/product"}],"about":[{"href":"https:\/\/grupotextil.es\/en\/wp-json\/wp\/v2\/types\/product"}],"replies":[{"embeddable":true,"href":"https:\/\/grupotextil.es\/en\/wp-json\/wp\/v2\/comments?post=384061"}],"wp:featuredmedia":[{"embeddable":true,"href":"https:\/\/grupotextil.es\/en\/wp-json\/wp\/v2\/media\/420976"}],"wp:attachment":[{"href":"https:\/\/grupotextil.es\/en\/wp-json\/wp\/v2\/media?parent=384061"}],"wp:term":[{"taxonomy":"product_brand","embeddable":true,"href":"https:\/\/grupotextil.es\/en\/wp-json\/wp\/v2\/product_brand?post=384061"},{"taxonomy":"product_cat","embeddable":true,"href":"https:\/\/grupotextil.es\/en\/wp-json\/wp\/v2\/product_cat?post=384061"},{"taxonomy":"product_tag","embeddable":true,"href":"https:\/\/grupotextil.es\/en\/wp-json\/wp\/v2\/product_tag?post=384061"}],"curies":[{"name":"wp","href":"https:\/\/api.w.org\/{rel}","templated":true}]}}