{"id":384865,"date":"2026-03-08T03:42:15","date_gmt":"2026-03-08T02:42:15","guid":{"rendered":"https:\/\/grupotextil.es\/producto\/polo-organico-de-manga-larga-luxury-hombre\/"},"modified":"2026-03-08T03:42:15","modified_gmt":"2026-03-08T02:42:15","slug":"polo-organico-de-manga-larga-luxury-hombre","status":"publish","type":"product","link":"https:\/\/grupotextil.es\/en\/product\/polo-organico-de-manga-larga-luxury-hombre\/","title":{"rendered":"Polo org\u00e1nico de manga larga Luxury hombre"},"content":{"rendered":"<ul>\n<li>215 g\/m\u00b2<\/li>\n<li>95% algod\u00f3n org\u00e1nico ring-spun, 5% elast\u00e1n<\/li>\n<li>Mini piqu\u00e9 compacto<\/li>\n<li>Pre-encogido<\/li>\n<li>Cuello de lycra de punto plano<\/li>\n<li>Encintado de hombro a hombro<\/li>\n<li>Tapeta con acabado limpio<\/li>\n<li>Manga larga con pu\u00f1os<\/li>\n<li>Corte ajustado<\/li>\n<\/ul>","protected":false},"excerpt":{"rendered":"<p>215 g\/m\u00b295% algod\u00f3n org\u00e1nico ring-spun, 5% elast\u00e1nMini piqu\u00e9 compactoPre-encogidoCuello de lycra de punto planoEncintado de hombro a hombroTapeta con acabado limpioManga larga con pu\u00f1osCorte ajustado<\/p>","protected":false},"featured_media":421121,"comment_status":"open","ping_status":"closed","template":"","meta":{"_acf_changed":false},"product_brand":[11671],"product_cat":[13974,13975,13988,13979,13973],"product_tag":[14009],"class_list":{"0":"post-384865","1":"product","2":"type-product","3":"status-publish","4":"has-post-thumbnail","6":"product_brand-tee-jays","7":"product_cat-ropa-hombre","8":"product_cat-ropa-mujer","9":"product_cat-m-polos","10":"product_cat-h-polos","11":"product_cat-ropa","12":"product_tag-top-ventas","13":"tm-no-options","15":"first","16":"instock","17":"taxable","18":"shipping-taxable","19":"product-type-variable"},"acf":[],"_links":{"self":[{"href":"https:\/\/grupotextil.es\/en\/wp-json\/wp\/v2\/product\/384865","targetHints":{"allow":["GET"]}}],"collection":[{"href":"https:\/\/grupotextil.es\/en\/wp-json\/wp\/v2\/product"}],"about":[{"href":"https:\/\/grupotextil.es\/en\/wp-json\/wp\/v2\/types\/product"}],"replies":[{"embeddable":true,"href":"https:\/\/grupotextil.es\/en\/wp-json\/wp\/v2\/comments?post=384865"}],"wp:featuredmedia":[{"embeddable":true,"href":"https:\/\/grupotextil.es\/en\/wp-json\/wp\/v2\/media\/421121"}],"wp:attachment":[{"href":"https:\/\/grupotextil.es\/en\/wp-json\/wp\/v2\/media?parent=384865"}],"wp:term":[{"taxonomy":"product_brand","embeddable":true,"href":"https:\/\/grupotextil.es\/en\/wp-json\/wp\/v2\/product_brand?post=384865"},{"taxonomy":"product_cat","embeddable":true,"href":"https:\/\/grupotextil.es\/en\/wp-json\/wp\/v2\/product_cat?post=384865"},{"taxonomy":"product_tag","embeddable":true,"href":"https:\/\/grupotextil.es\/en\/wp-json\/wp\/v2\/product_tag?post=384865"}],"curies":[{"name":"wp","href":"https:\/\/api.w.org\/{rel}","templated":true}]}}