{"id":384946,"date":"2026-03-08T03:42:18","date_gmt":"2026-03-08T02:42:18","guid":{"rendered":"https:\/\/grupotextil.es\/producto\/polo-camisa-de-seguridad-reciclada\/"},"modified":"2026-03-08T03:42:18","modified_gmt":"2026-03-08T02:42:18","slug":"polo-camisa-de-seguridad-reciclada","status":"publish","type":"product","link":"https:\/\/grupotextil.es\/en\/product\/polo-camisa-de-seguridad-reciclada\/","title":{"rendered":"Polo camisa de seguridad reciclado"},"content":{"rendered":"<ul>\n<li>155 g\/m\u00b2<\/li>\n<li>100% poli\u00e9ster reciclado<\/li>\n<li>Cuello: 100% poli\u00e9ster<\/li>\n<li>Secado r\u00e1pido<\/li>\n<li>Detalle cosido en hombros y mangas<\/li>\n<li>Bandas de seguridad impresas<\/li>\n<li>Tapeta de 3 botones con recambio<\/li>\n<li>Cuello acanalado el\u00e1stico<\/li>\n<li>Paneles oscuros para ocultar la suciedad<\/li>\n<li>Fin de vida reciclable<\/li>\n<li>EN ISO 20471: 2013 + A1: 2016 Clase 2 (Naranja Fluo, Amarillo Fluo)<\/li>\n<li>RIS-3279-TOM Clase 2 (Naranja Fluo).<\/li>\n<\/ul>","protected":false},"excerpt":{"rendered":"<p>155 g\/m\u00b2100% poli\u00e9ster recicladoCuello: 100% poli\u00e9sterSecado r\u00e1pidoDetalle cosido en hombros y mangasBandas de seguridad impresasTapeta de 3 botones con recambioCuello acanalado el\u00e1sticoPaneles osc&#8230;<\/p>","protected":false},"featured_media":421154,"comment_status":"open","ping_status":"closed","template":"","meta":{"_acf_changed":false},"product_brand":[11669],"product_cat":[13974,13975,13979,13988,13973],"product_tag":[],"class_list":{"0":"post-384946","1":"product","2":"type-product","3":"status-publish","4":"has-post-thumbnail","6":"product_brand-result","7":"product_cat-ropa-hombre","8":"product_cat-ropa-mujer","9":"product_cat-h-polos","10":"product_cat-m-polos","11":"product_cat-ropa","12":"tm-no-options","14":"first","15":"instock","16":"taxable","17":"shipping-taxable","18":"product-type-variable"},"acf":[],"_links":{"self":[{"href":"https:\/\/grupotextil.es\/en\/wp-json\/wp\/v2\/product\/384946","targetHints":{"allow":["GET"]}}],"collection":[{"href":"https:\/\/grupotextil.es\/en\/wp-json\/wp\/v2\/product"}],"about":[{"href":"https:\/\/grupotextil.es\/en\/wp-json\/wp\/v2\/types\/product"}],"replies":[{"embeddable":true,"href":"https:\/\/grupotextil.es\/en\/wp-json\/wp\/v2\/comments?post=384946"}],"wp:featuredmedia":[{"embeddable":true,"href":"https:\/\/grupotextil.es\/en\/wp-json\/wp\/v2\/media\/421154"}],"wp:attachment":[{"href":"https:\/\/grupotextil.es\/en\/wp-json\/wp\/v2\/media?parent=384946"}],"wp:term":[{"taxonomy":"product_brand","embeddable":true,"href":"https:\/\/grupotextil.es\/en\/wp-json\/wp\/v2\/product_brand?post=384946"},{"taxonomy":"product_cat","embeddable":true,"href":"https:\/\/grupotextil.es\/en\/wp-json\/wp\/v2\/product_cat?post=384946"},{"taxonomy":"product_tag","embeddable":true,"href":"https:\/\/grupotextil.es\/en\/wp-json\/wp\/v2\/product_tag?post=384946"}],"curies":[{"name":"wp","href":"https:\/\/api.w.org\/{rel}","templated":true}]}}