{"id":385076,"date":"2026-03-08T03:42:26","date_gmt":"2026-03-08T02:42:26","guid":{"rendered":"https:\/\/grupotextil.es\/producto\/polo-pique-st-mellion-mujer-classic-fit\/"},"modified":"2026-03-08T03:42:26","modified_gmt":"2026-03-08T02:42:26","slug":"polo-pique-st-mellion-mujer-classic-fit","status":"publish","type":"product","link":"https:\/\/grupotextil.es\/en\/product\/polo-pique-st-mellion-mujer-classic-fit\/","title":{"rendered":"Polo piqu\u00e9 St. Mellion mujer cl\u00e1sica Fit"},"content":{"rendered":"<ul>\n<li>210 g\/m\u00b2<\/li>\n<li>100% algod\u00f3n piqu\u00e9 peinado<\/li>\n<li>Cuello y bajo de manga en canal\u00e9 con rayas contrastadas<\/li>\n<li>Cuello encintado en contraste<\/li>\n<li>Tapeta contraste con 3 botones<\/li>\n<li>Dobladillo recto<\/li>\n<li>Aberturas laterales reforzadas con cinta de espiguilla en color de contraste<\/li>\n<li>Costura doble en toda la prenda<\/li>\n<\/ul>","protected":false},"excerpt":{"rendered":"<p>210 g\/m\u00b2100% algod\u00f3n piqu\u00e9 peinadoCuello y bajo de manga en canal\u00e9 con rayas contrastadasCuello encintado en contrasteTapeta contraste con 3 botonesDobladillo rectoAberturas laterales reforzadas con c<\/p>","protected":false},"featured_media":421203,"comment_status":"open","ping_status":"closed","template":"","meta":{"_acf_changed":false},"product_brand":[11672],"product_cat":[13974,13975,13979,13988,13973],"product_tag":[],"class_list":{"0":"post-385076","1":"product","2":"type-product","3":"status-publish","4":"has-post-thumbnail","6":"product_brand-kustom-kit","7":"product_cat-ropa-hombre","8":"product_cat-ropa-mujer","9":"product_cat-h-polos","10":"product_cat-m-polos","11":"product_cat-ropa","12":"tm-no-options","14":"first","15":"instock","16":"taxable","17":"shipping-taxable","18":"product-type-variable"},"acf":[],"_links":{"self":[{"href":"https:\/\/grupotextil.es\/en\/wp-json\/wp\/v2\/product\/385076","targetHints":{"allow":["GET"]}}],"collection":[{"href":"https:\/\/grupotextil.es\/en\/wp-json\/wp\/v2\/product"}],"about":[{"href":"https:\/\/grupotextil.es\/en\/wp-json\/wp\/v2\/types\/product"}],"replies":[{"embeddable":true,"href":"https:\/\/grupotextil.es\/en\/wp-json\/wp\/v2\/comments?post=385076"}],"wp:featuredmedia":[{"embeddable":true,"href":"https:\/\/grupotextil.es\/en\/wp-json\/wp\/v2\/media\/421203"}],"wp:attachment":[{"href":"https:\/\/grupotextil.es\/en\/wp-json\/wp\/v2\/media?parent=385076"}],"wp:term":[{"taxonomy":"product_brand","embeddable":true,"href":"https:\/\/grupotextil.es\/en\/wp-json\/wp\/v2\/product_brand?post=385076"},{"taxonomy":"product_cat","embeddable":true,"href":"https:\/\/grupotextil.es\/en\/wp-json\/wp\/v2\/product_cat?post=385076"},{"taxonomy":"product_tag","embeddable":true,"href":"https:\/\/grupotextil.es\/en\/wp-json\/wp\/v2\/product_tag?post=385076"}],"curies":[{"name":"wp","href":"https:\/\/api.w.org\/{rel}","templated":true}]}}