{"id":385174,"date":"2026-03-08T03:42:30","date_gmt":"2026-03-08T02:42:30","guid":{"rendered":"https:\/\/grupotextil.es\/producto\/polo-pique-hammer-adulto\/"},"modified":"2026-03-08T03:42:30","modified_gmt":"2026-03-08T02:42:30","slug":"polo-pique-hammer-adulto","status":"publish","type":"product","link":"https:\/\/grupotextil.es\/en\/product\/polo-pique-hammer-adulto\/","title":{"rendered":"Polo piqu\u00e9 Hammer adulto"},"content":{"rendered":"<ul>\n<li>223 g\/m\u00b2 (White 214 g\/m\u00b2)<\/li>\n<li>100% algod\u00f3n ring-spun peinado<\/li>\n<li>Heather colores: 50% algod\u00f3n, 50% poli\u00e9ster<\/li>\n<li>Sport Grey: 90% algod\u00f3n, 10% poli\u00e9ster<\/li>\n<li>Pre-encogido, piqu\u00e9 doble tejido de punto<\/li>\n<li>Solapa reforazada, con 3 botones color prenda<\/li>\n<li>Cuello y pu\u00f1os contorneados<\/li>\n<li>Etiqueta transfer<\/li>\n<li>Sobrecostura hombros<\/li>\n<li>Dobladillo inferior con puntada de doble aguja<\/li>\n<li>Costuras laterales y aberturas laterales<\/li>\n<li>Corte cl\u00e1sico moderno<\/li>\n<\/ul>","protected":false},"excerpt":{"rendered":"<p>223 g\/m\u00b2 (White 214 g\/m\u00b2)100% algod\u00f3n ring-spun peinadoHeather colores: 50% algod\u00f3n, 50% poli\u00e9sterSport Grey: 90% algod\u00f3n, 10% poli\u00e9sterPre-encogido, piqu\u00e9 doble tejido de puntoSolapa reforazada, con<\/p>","protected":false},"featured_media":421242,"comment_status":"open","ping_status":"closed","template":"","meta":{"_acf_changed":false},"product_brand":[11666],"product_cat":[13974,13975,13979,13988,13973],"product_tag":[],"class_list":{"0":"post-385174","1":"product","2":"type-product","3":"status-publish","4":"has-post-thumbnail","6":"product_brand-gildan","7":"product_cat-ropa-hombre","8":"product_cat-ropa-mujer","9":"product_cat-h-polos","10":"product_cat-m-polos","11":"product_cat-ropa","12":"tm-no-options","14":"first","15":"instock","16":"taxable","17":"shipping-taxable","18":"product-type-variable"},"acf":[],"_links":{"self":[{"href":"https:\/\/grupotextil.es\/en\/wp-json\/wp\/v2\/product\/385174","targetHints":{"allow":["GET"]}}],"collection":[{"href":"https:\/\/grupotextil.es\/en\/wp-json\/wp\/v2\/product"}],"about":[{"href":"https:\/\/grupotextil.es\/en\/wp-json\/wp\/v2\/types\/product"}],"replies":[{"embeddable":true,"href":"https:\/\/grupotextil.es\/en\/wp-json\/wp\/v2\/comments?post=385174"}],"wp:featuredmedia":[{"embeddable":true,"href":"https:\/\/grupotextil.es\/en\/wp-json\/wp\/v2\/media\/421242"}],"wp:attachment":[{"href":"https:\/\/grupotextil.es\/en\/wp-json\/wp\/v2\/media?parent=385174"}],"wp:term":[{"taxonomy":"product_brand","embeddable":true,"href":"https:\/\/grupotextil.es\/en\/wp-json\/wp\/v2\/product_brand?post=385174"},{"taxonomy":"product_cat","embeddable":true,"href":"https:\/\/grupotextil.es\/en\/wp-json\/wp\/v2\/product_cat?post=385174"},{"taxonomy":"product_tag","embeddable":true,"href":"https:\/\/grupotextil.es\/en\/wp-json\/wp\/v2\/product_tag?post=385174"}],"curies":[{"name":"wp","href":"https:\/\/api.w.org\/{rel}","templated":true}]}}