{"id":385353,"date":"2026-03-08T03:43:12","date_gmt":"2026-03-08T02:43:12","guid":{"rendered":"https:\/\/grupotextil.es\/producto\/my-polo-180-para-ninos\/"},"modified":"2026-03-08T03:43:12","modified_gmt":"2026-03-08T02:43:12","slug":"my-polo-180-para-ninos","status":"publish","type":"product","link":"https:\/\/grupotextil.es\/en\/product\/my-polo-180-para-ninos\/","title":{"rendered":"MY POLO 180 para Kidss"},"content":{"rendered":"<ul>\n<li>180 g\/m\u00b2<\/li>\n<li>100 % algod\u00f3n (invirtiendo en Better Cotton), ring-spun preencogido Optimium\u2122<\/li>\n<li>Estilo polo cl\u00e1sico moderno para ni\u00f1os y ni\u00f1as (g\u00e9nero neutro), desde ni\u00f1os hasta adolescentes.<\/li>\n<li>Caracter\u00edstica aut\u00e9ntica del polo: pu\u00f1os de canal\u00e9 1 x 1 dimensionalmente estables<\/li>\n<li>Tapeta reforzada contempor\u00e1nea de 2 botones<\/li>\n<\/ul>","protected":false},"excerpt":{"rendered":"<p>180 g\/m\u00b2100 % algod\u00f3n (invirtiendo en Better Cotton), ring-spun preencogido Optimium\u2122Estilo polo cl\u00e1sico moderno para ni\u00f1os y ni\u00f1as (g\u00e9nero neutro), desde ni\u00f1os hasta adolescentes.<\/p>","protected":false},"featured_media":421292,"comment_status":"open","ping_status":"closed","template":"","meta":{"_acf_changed":false},"product_brand":[11653],"product_cat":[13974,13975,13979,13988,13973],"product_tag":[],"class_list":{"0":"post-385353","1":"product","2":"type-product","3":"status-publish","4":"has-post-thumbnail","6":"product_brand-b-c","7":"product_cat-ropa-hombre","8":"product_cat-ropa-mujer","9":"product_cat-h-polos","10":"product_cat-m-polos","11":"product_cat-ropa","12":"tm-no-options","14":"first","15":"instock","16":"taxable","17":"shipping-taxable","18":"product-type-variable"},"acf":[],"_links":{"self":[{"href":"https:\/\/grupotextil.es\/en\/wp-json\/wp\/v2\/product\/385353","targetHints":{"allow":["GET"]}}],"collection":[{"href":"https:\/\/grupotextil.es\/en\/wp-json\/wp\/v2\/product"}],"about":[{"href":"https:\/\/grupotextil.es\/en\/wp-json\/wp\/v2\/types\/product"}],"replies":[{"embeddable":true,"href":"https:\/\/grupotextil.es\/en\/wp-json\/wp\/v2\/comments?post=385353"}],"wp:featuredmedia":[{"embeddable":true,"href":"https:\/\/grupotextil.es\/en\/wp-json\/wp\/v2\/media\/421292"}],"wp:attachment":[{"href":"https:\/\/grupotextil.es\/en\/wp-json\/wp\/v2\/media?parent=385353"}],"wp:term":[{"taxonomy":"product_brand","embeddable":true,"href":"https:\/\/grupotextil.es\/en\/wp-json\/wp\/v2\/product_brand?post=385353"},{"taxonomy":"product_cat","embeddable":true,"href":"https:\/\/grupotextil.es\/en\/wp-json\/wp\/v2\/product_cat?post=385353"},{"taxonomy":"product_tag","embeddable":true,"href":"https:\/\/grupotextil.es\/en\/wp-json\/wp\/v2\/product_tag?post=385353"}],"curies":[{"name":"wp","href":"https:\/\/api.w.org\/{rel}","templated":true}]}}