{"id":385439,"date":"2026-03-08T03:44:42","date_gmt":"2026-03-08T02:44:42","guid":{"rendered":"https:\/\/grupotextil.es\/producto\/polo-pique-heavyweight-65-35\/"},"modified":"2026-03-08T03:44:42","modified_gmt":"2026-03-08T02:44:42","slug":"polo-pique-heavyweight-65-35","status":"publish","type":"product","link":"https:\/\/grupotextil.es\/en\/product\/polo-pique-heavyweight-65-35\/","title":{"rendered":"Polo piqu\u00e9 Heavyweight 65\/35"},"content":{"rendered":"<ul>\n<li>230 g\/m\u00b2 (White: 220 g\/m\u00b2)<\/li>\n<li>65% poli\u00e9ster, 35% algod\u00f3n<\/li>\n<li>Cuello encintado<\/li>\n<li>Costuras reforzadas en hombros<\/li>\n<li>Cuello y bajo de manga en canal\u00e9<\/li>\n<li>Tapeta de 3 botones del mismo color de la prenda<\/li>\n<li>Costuras laterales<\/li>\n<li>Costuras doble en dobladillo inferior<\/li>\n<li>Lavable a 60\u00baC<\/li>\n<\/ul>","protected":false},"excerpt":{"rendered":"<p>230 g\/m\u00b2 (White: 220 g\/m\u00b2)65% poli\u00e9ster, 35% algod\u00f3nCuello encintadoCosturas reforzadas en hombrosCuello y bajo de manga en canal\u00e9Tapeta de 3 botones del mismo color de la prendaCosturas lateralesCost<\/p>","protected":false},"featured_media":421307,"comment_status":"open","ping_status":"closed","template":"","meta":{"_acf_changed":false},"product_brand":[11665],"product_cat":[13974,13975,13979,13988,13973],"product_tag":[],"class_list":{"0":"post-385439","1":"product","2":"type-product","3":"status-publish","4":"has-post-thumbnail","6":"product_brand-fruit-of-the-loom","7":"product_cat-ropa-hombre","8":"product_cat-ropa-mujer","9":"product_cat-h-polos","10":"product_cat-m-polos","11":"product_cat-ropa","12":"tm-no-options","14":"first","15":"instock","16":"taxable","17":"shipping-taxable","18":"product-type-variable"},"acf":[],"_links":{"self":[{"href":"https:\/\/grupotextil.es\/en\/wp-json\/wp\/v2\/product\/385439","targetHints":{"allow":["GET"]}}],"collection":[{"href":"https:\/\/grupotextil.es\/en\/wp-json\/wp\/v2\/product"}],"about":[{"href":"https:\/\/grupotextil.es\/en\/wp-json\/wp\/v2\/types\/product"}],"replies":[{"embeddable":true,"href":"https:\/\/grupotextil.es\/en\/wp-json\/wp\/v2\/comments?post=385439"}],"wp:featuredmedia":[{"embeddable":true,"href":"https:\/\/grupotextil.es\/en\/wp-json\/wp\/v2\/media\/421307"}],"wp:attachment":[{"href":"https:\/\/grupotextil.es\/en\/wp-json\/wp\/v2\/media?parent=385439"}],"wp:term":[{"taxonomy":"product_brand","embeddable":true,"href":"https:\/\/grupotextil.es\/en\/wp-json\/wp\/v2\/product_brand?post=385439"},{"taxonomy":"product_cat","embeddable":true,"href":"https:\/\/grupotextil.es\/en\/wp-json\/wp\/v2\/product_cat?post=385439"},{"taxonomy":"product_tag","embeddable":true,"href":"https:\/\/grupotextil.es\/en\/wp-json\/wp\/v2\/product_tag?post=385439"}],"curies":[{"name":"wp","href":"https:\/\/api.w.org\/{rel}","templated":true}]}}