{"id":385489,"date":"2026-03-08T03:44:44","date_gmt":"2026-03-08T02:44:44","guid":{"rendered":"https:\/\/grupotextil.es\/producto\/polo-organico-luxury-stretch-con-rayas\/"},"modified":"2026-03-08T03:44:44","modified_gmt":"2026-03-08T02:44:44","slug":"polo-organico-luxury-stretch-con-rayas","status":"publish","type":"product","link":"https:\/\/grupotextil.es\/en\/product\/polo-organico-luxury-stretch-con-rayas\/","title":{"rendered":"Polo org\u00e1nico Luxury stretch con rayas"},"content":{"rendered":"<ul>\n<li>215 g\/m\u00b2<\/li>\n<li>95% algod\u00f3n org\u00e1nico ringspun y peinado, 5% elastano<\/li>\n<li>Mini Piqu\u00e9<\/li>\n<li>Doble preencogido<\/li>\n<li>Cuello de punto plano a rayas con elastano<\/li>\n<li>Cinta en el cuello<\/li>\n<li>Solapa con acabado limpio<\/li>\n<li>pu\u00f1os en mangas a rayas.<\/li>\n<\/ul>","protected":false},"excerpt":{"rendered":"<p>215 g\/m\u00b295% algod\u00f3n org\u00e1nico ringspun y peinado, 5% elastanoMini Piqu\u00e9Doble preencogidoCuello de punto plano a rayas con elastanoCinta en el cuelloSolapa con acabado limpiopu\u00f1os en mangas a rayas.<\/p>","protected":false},"featured_media":421326,"comment_status":"open","ping_status":"closed","template":"","meta":{"_acf_changed":false},"product_brand":[11671],"product_cat":[13974,13975,13979,13988,13973],"product_tag":[],"class_list":{"0":"post-385489","1":"product","2":"type-product","3":"status-publish","4":"has-post-thumbnail","6":"product_brand-tee-jays","7":"product_cat-ropa-hombre","8":"product_cat-ropa-mujer","9":"product_cat-h-polos","10":"product_cat-m-polos","11":"product_cat-ropa","12":"tm-no-options","14":"first","15":"instock","16":"taxable","17":"shipping-taxable","18":"product-type-variable"},"acf":[],"_links":{"self":[{"href":"https:\/\/grupotextil.es\/en\/wp-json\/wp\/v2\/product\/385489","targetHints":{"allow":["GET"]}}],"collection":[{"href":"https:\/\/grupotextil.es\/en\/wp-json\/wp\/v2\/product"}],"about":[{"href":"https:\/\/grupotextil.es\/en\/wp-json\/wp\/v2\/types\/product"}],"replies":[{"embeddable":true,"href":"https:\/\/grupotextil.es\/en\/wp-json\/wp\/v2\/comments?post=385489"}],"wp:featuredmedia":[{"embeddable":true,"href":"https:\/\/grupotextil.es\/en\/wp-json\/wp\/v2\/media\/421326"}],"wp:attachment":[{"href":"https:\/\/grupotextil.es\/en\/wp-json\/wp\/v2\/media?parent=385489"}],"wp:term":[{"taxonomy":"product_brand","embeddable":true,"href":"https:\/\/grupotextil.es\/en\/wp-json\/wp\/v2\/product_brand?post=385489"},{"taxonomy":"product_cat","embeddable":true,"href":"https:\/\/grupotextil.es\/en\/wp-json\/wp\/v2\/product_cat?post=385489"},{"taxonomy":"product_tag","embeddable":true,"href":"https:\/\/grupotextil.es\/en\/wp-json\/wp\/v2\/product_tag?post=385489"}],"curies":[{"name":"wp","href":"https:\/\/api.w.org\/{rel}","templated":true}]}}