{"id":385542,"date":"2026-03-08T03:44:46","date_gmt":"2026-03-08T02:44:46","guid":{"rendered":"https:\/\/grupotextil.es\/producto\/stretch-polo-for-men-2\/"},"modified":"2026-03-08T03:44:46","modified_gmt":"2026-03-08T02:44:46","slug":"stretch-polo-for-men-2","status":"publish","type":"product","link":"https:\/\/grupotextil.es\/en\/product\/stretch-polo-for-men-2\/","title":{"rendered":"Stretch Polo for men"},"content":{"rendered":"<ul>\n<li>210 g\/m\u00b2<\/li>\n<li>95% Algod\u00f3n, ring-spun y peinado, 5% Elastano (estructura gofre)<\/li>\n<li>Piqu\u00e9 de algod\u00f3n de alta calidad<\/li>\n<li>Tapeta con 3 botones mismo color<\/li>\n<li>Pu\u00f1os en canal\u00e9<\/li>\n<li>Costuras laterales con aberturas<\/li>\n<li>Etiqueta impresa extra\u00edble<\/li>\n<li>Ajustado.<\/li>\n<\/ul>","protected":false},"excerpt":{"rendered":"<p>210 g\/m\u00b295% Algod\u00f3n, ring-spun y peinado, 5% Elastano (estructura gofre)Piqu\u00e9 de algod\u00f3n de alta calidadTapeta con 3 botones mismo colorPu\u00f1os en canal\u00e9Costuras laterales con aberturasEtiqueta impre&#8230;<\/p>","protected":false},"featured_media":421340,"comment_status":"open","ping_status":"closed","template":"","meta":{"_acf_changed":false},"product_brand":[11658],"product_cat":[13974,13975,13988,13979,13973],"product_tag":[],"class_list":{"0":"post-385542","1":"product","2":"type-product","3":"status-publish","4":"has-post-thumbnail","6":"product_brand-stedman","7":"product_cat-ropa-hombre","8":"product_cat-ropa-mujer","9":"product_cat-m-polos","10":"product_cat-h-polos","11":"product_cat-ropa","12":"tm-no-options","14":"first","15":"instock","16":"taxable","17":"shipping-taxable","18":"product-type-variable"},"acf":[],"_links":{"self":[{"href":"https:\/\/grupotextil.es\/en\/wp-json\/wp\/v2\/product\/385542","targetHints":{"allow":["GET"]}}],"collection":[{"href":"https:\/\/grupotextil.es\/en\/wp-json\/wp\/v2\/product"}],"about":[{"href":"https:\/\/grupotextil.es\/en\/wp-json\/wp\/v2\/types\/product"}],"replies":[{"embeddable":true,"href":"https:\/\/grupotextil.es\/en\/wp-json\/wp\/v2\/comments?post=385542"}],"wp:featuredmedia":[{"embeddable":true,"href":"https:\/\/grupotextil.es\/en\/wp-json\/wp\/v2\/media\/421340"}],"wp:attachment":[{"href":"https:\/\/grupotextil.es\/en\/wp-json\/wp\/v2\/media?parent=385542"}],"wp:term":[{"taxonomy":"product_brand","embeddable":true,"href":"https:\/\/grupotextil.es\/en\/wp-json\/wp\/v2\/product_brand?post=385542"},{"taxonomy":"product_cat","embeddable":true,"href":"https:\/\/grupotextil.es\/en\/wp-json\/wp\/v2\/product_cat?post=385542"},{"taxonomy":"product_tag","embeddable":true,"href":"https:\/\/grupotextil.es\/en\/wp-json\/wp\/v2\/product_tag?post=385542"}],"curies":[{"name":"wp","href":"https:\/\/api.w.org\/{rel}","templated":true}]}}