{"id":385594,"date":"2026-03-08T03:45:37","date_gmt":"2026-03-08T02:45:37","guid":{"rendered":"https:\/\/grupotextil.es\/producto\/polo-signature-stretch-sin-etiqueta-mujer\/"},"modified":"2026-03-08T03:45:37","modified_gmt":"2026-03-08T02:45:37","slug":"polo-signature-stretch-sin-etiqueta-mujer","status":"publish","type":"product","link":"https:\/\/grupotextil.es\/en\/product\/polo-signature-stretch-sin-etiqueta-mujer\/","title":{"rendered":"Polo Signature Stretch sin etiqueta mujer"},"content":{"rendered":"<ul>\n<li>215 g\/m\u00b2<\/li>\n<li>95% algod\u00f3n peinado y hilado en anillo, 5% elastano<\/li>\n<li>Piqu\u00e9<\/li>\n<li>Cuello de punto plano con elastano<\/li>\n<li>Cuello encintado en espiguilla<\/li>\n<li>Tapeta con 4 botones del mismo color<\/li>\n<li>Pu\u00f1os en canal\u00e9<\/li>\n<li>Costuras laterales<\/li>\n<li>Sin etiqueta<\/li>\n<li>Corte moderno<\/li>\n<\/ul>","protected":false},"excerpt":{"rendered":"<p>215 g\/m\u00b295% algod\u00f3n peinado y hilado en anillo, 5% elastanoPiqu\u00e9Cuello de punto plano con elastanoCuello encintado en espiguillaTapeta con 4 botones del mismo colorPu\u00f1os en canal\u00e9Costuras lateralesSin<\/p>","protected":false},"featured_media":421342,"comment_status":"open","ping_status":"closed","template":"","meta":{"_acf_changed":false},"product_brand":[11676],"product_cat":[13974,13975,13988,13979,13973],"product_tag":[],"class_list":{"0":"post-385594","1":"product","2":"type-product","3":"status-publish","4":"has-post-thumbnail","6":"product_brand-sg","7":"product_cat-ropa-hombre","8":"product_cat-ropa-mujer","9":"product_cat-m-polos","10":"product_cat-h-polos","11":"product_cat-ropa","12":"tm-no-options","14":"first","15":"instock","16":"taxable","17":"shipping-taxable","18":"product-type-variable"},"acf":[],"_links":{"self":[{"href":"https:\/\/grupotextil.es\/en\/wp-json\/wp\/v2\/product\/385594","targetHints":{"allow":["GET"]}}],"collection":[{"href":"https:\/\/grupotextil.es\/en\/wp-json\/wp\/v2\/product"}],"about":[{"href":"https:\/\/grupotextil.es\/en\/wp-json\/wp\/v2\/types\/product"}],"replies":[{"embeddable":true,"href":"https:\/\/grupotextil.es\/en\/wp-json\/wp\/v2\/comments?post=385594"}],"wp:featuredmedia":[{"embeddable":true,"href":"https:\/\/grupotextil.es\/en\/wp-json\/wp\/v2\/media\/421342"}],"wp:attachment":[{"href":"https:\/\/grupotextil.es\/en\/wp-json\/wp\/v2\/media?parent=385594"}],"wp:term":[{"taxonomy":"product_brand","embeddable":true,"href":"https:\/\/grupotextil.es\/en\/wp-json\/wp\/v2\/product_brand?post=385594"},{"taxonomy":"product_cat","embeddable":true,"href":"https:\/\/grupotextil.es\/en\/wp-json\/wp\/v2\/product_cat?post=385594"},{"taxonomy":"product_tag","embeddable":true,"href":"https:\/\/grupotextil.es\/en\/wp-json\/wp\/v2\/product_tag?post=385594"}],"curies":[{"name":"wp","href":"https:\/\/api.w.org\/{rel}","templated":true}]}}