{"id":385656,"date":"2026-03-08T03:45:40","date_gmt":"2026-03-08T02:45:40","guid":{"rendered":"https:\/\/grupotextil.es\/producto\/polo-hd-raglan-hombre\/"},"modified":"2026-03-08T03:45:40","modified_gmt":"2026-03-08T02:45:40","slug":"polo-hd-raglan-hombre","status":"publish","type":"product","link":"https:\/\/grupotextil.es\/en\/product\/polo-hd-raglan-hombre\/","title":{"rendered":"Polo HD Ragl\u00e1n hombre"},"content":{"rendered":"<ul>\n<li>185 g\/m\u00b2 (Bianco: 180 g\/m\u00b2)<\/li>\n<li>65% poli\u00e9ster, 35% algod\u00f3n, peinado y ringspun<\/li>\n<li>Single Jersey Heavy<\/li>\n<li>Cinta de cuello contrastada<\/li>\n<li>Tapeta inferior con forro en look denim<\/li>\n<li>Mangas ragl\u00e1n<\/li>\n<li>Ventilaciones laterales en look denim.<\/li>\n<li>Costuras laterales<\/li>\n<li>Etiqueta adhesiva extra\u00edble en el cuello.<\/li>\n<li>Ajuste moderno<\/li>\n<\/ul>","protected":false},"excerpt":{"rendered":"<p>185 g\/m\u00b2 (Bianco: 180 g\/m\u00b2)65% poli\u00e9ster, 35% algod\u00f3n, peinado y ringspunSingle Jersey HeavyCinta de cuello contrastadaTapeta inferior con forro en look denimMangas ragl\u00e1nVentilaciones laterales en&#8230;<\/p>","protected":false},"featured_media":421351,"comment_status":"open","ping_status":"closed","template":"","meta":{"_acf_changed":false},"product_brand":[11670],"product_cat":[13974,13975,13979,13988,13973],"product_tag":[],"class_list":{"0":"post-385656","1":"product","2":"type-product","3":"status-publish","4":"has-post-thumbnail","6":"product_brand-russell-europe","7":"product_cat-ropa-hombre","8":"product_cat-ropa-mujer","9":"product_cat-h-polos","10":"product_cat-m-polos","11":"product_cat-ropa","12":"tm-no-options","14":"first","15":"instock","16":"taxable","17":"shipping-taxable","18":"product-type-variable"},"acf":[],"_links":{"self":[{"href":"https:\/\/grupotextil.es\/en\/wp-json\/wp\/v2\/product\/385656","targetHints":{"allow":["GET"]}}],"collection":[{"href":"https:\/\/grupotextil.es\/en\/wp-json\/wp\/v2\/product"}],"about":[{"href":"https:\/\/grupotextil.es\/en\/wp-json\/wp\/v2\/types\/product"}],"replies":[{"embeddable":true,"href":"https:\/\/grupotextil.es\/en\/wp-json\/wp\/v2\/comments?post=385656"}],"wp:featuredmedia":[{"embeddable":true,"href":"https:\/\/grupotextil.es\/en\/wp-json\/wp\/v2\/media\/421351"}],"wp:attachment":[{"href":"https:\/\/grupotextil.es\/en\/wp-json\/wp\/v2\/media?parent=385656"}],"wp:term":[{"taxonomy":"product_brand","embeddable":true,"href":"https:\/\/grupotextil.es\/en\/wp-json\/wp\/v2\/product_brand?post=385656"},{"taxonomy":"product_cat","embeddable":true,"href":"https:\/\/grupotextil.es\/en\/wp-json\/wp\/v2\/product_cat?post=385656"},{"taxonomy":"product_tag","embeddable":true,"href":"https:\/\/grupotextil.es\/en\/wp-json\/wp\/v2\/product_tag?post=385656"}],"curies":[{"name":"wp","href":"https:\/\/api.w.org\/{rel}","templated":true}]}}