{"id":386115,"date":"2026-03-08T03:48:43","date_gmt":"2026-03-08T02:48:43","guid":{"rendered":"https:\/\/grupotextil.es\/producto\/polo-pique-oak-hill-classic-fit\/"},"modified":"2026-03-08T03:48:43","modified_gmt":"2026-03-08T02:48:43","slug":"polo-pique-oak-hill-classic-fit","status":"publish","type":"product","link":"https:\/\/grupotextil.es\/en\/product\/polo-pique-oak-hill-classic-fit\/","title":{"rendered":"Polo piqu\u00e9 Oak Hill Classic Fit"},"content":{"rendered":"<ul>\n<li>210 g\/m\u00b2<\/li>\n<li>100% algod\u00f3n peinado piqu\u00e9<\/li>\n<li>Cuello encintado en color de contraste<\/li>\n<li>Cuello en canal\u00e9<\/li>\n<li>Tapeta con 3 botones en color de contraste<\/li>\n<li>Manga ragl\u00e1n con rayas de contraste<\/li>\n<li>Bajo de manga con rayas decorativas en color de contraste<\/li>\n<li>Aberturas laterales reforzadas con cinta de espiguilla en color de contraste<\/li>\n<\/ul>","protected":false},"excerpt":{"rendered":"<p>210 g\/m\u00b2100% algod\u00f3n peinado piqu\u00e9Cuello encintado en color de contrasteCuello en canal\u00e9Tapeta con 3 botones en color de contrasteManga ragl\u00e1n con rayas de contrasteBajo de manga con rayas decorativas<\/p>","protected":false},"featured_media":421443,"comment_status":"open","ping_status":"closed","template":"","meta":{"_acf_changed":false},"product_brand":[11672],"product_cat":[13974,13975,13979,13988,13973],"product_tag":[],"class_list":{"0":"post-386115","1":"product","2":"type-product","3":"status-publish","4":"has-post-thumbnail","6":"product_brand-kustom-kit","7":"product_cat-ropa-hombre","8":"product_cat-ropa-mujer","9":"product_cat-h-polos","10":"product_cat-m-polos","11":"product_cat-ropa","12":"tm-no-options","14":"first","15":"instock","16":"taxable","17":"shipping-taxable","18":"product-type-variable"},"acf":[],"_links":{"self":[{"href":"https:\/\/grupotextil.es\/en\/wp-json\/wp\/v2\/product\/386115","targetHints":{"allow":["GET"]}}],"collection":[{"href":"https:\/\/grupotextil.es\/en\/wp-json\/wp\/v2\/product"}],"about":[{"href":"https:\/\/grupotextil.es\/en\/wp-json\/wp\/v2\/types\/product"}],"replies":[{"embeddable":true,"href":"https:\/\/grupotextil.es\/en\/wp-json\/wp\/v2\/comments?post=386115"}],"wp:featuredmedia":[{"embeddable":true,"href":"https:\/\/grupotextil.es\/en\/wp-json\/wp\/v2\/media\/421443"}],"wp:attachment":[{"href":"https:\/\/grupotextil.es\/en\/wp-json\/wp\/v2\/media?parent=386115"}],"wp:term":[{"taxonomy":"product_brand","embeddable":true,"href":"https:\/\/grupotextil.es\/en\/wp-json\/wp\/v2\/product_brand?post=386115"},{"taxonomy":"product_cat","embeddable":true,"href":"https:\/\/grupotextil.es\/en\/wp-json\/wp\/v2\/product_cat?post=386115"},{"taxonomy":"product_tag","embeddable":true,"href":"https:\/\/grupotextil.es\/en\/wp-json\/wp\/v2\/product_tag?post=386115"}],"curies":[{"name":"wp","href":"https:\/\/api.w.org\/{rel}","templated":true}]}}