{"id":386166,"date":"2026-03-08T03:49:14","date_gmt":"2026-03-08T02:49:14","guid":{"rendered":"https:\/\/grupotextil.es\/producto\/polo-club-mujer\/"},"modified":"2026-03-08T03:49:14","modified_gmt":"2026-03-08T02:49:14","slug":"polo-club-mujer","status":"publish","type":"product","link":"https:\/\/grupotextil.es\/en\/product\/polo-club-mujer\/","title":{"rendered":"Polo Club mujer"},"content":{"rendered":"<ul>\n<li>187 g\/m\u00b2<\/li>\n<li>95% poli\u00e9ster (reciclado), 5% elastano<\/li>\n<li>Tejido de alta calidad, dise\u00f1o elegante y deportivo<\/li>\n<li>Absorbe la humedad, secado r\u00e1pido<\/li>\n<li>Tapeta con acabado sencillo (3 botones mismo tono)<\/li>\n<li>F\u00e1cil cuidado<\/li>\n<li>Ajuste a medida<\/li>\n<\/ul>","protected":false},"excerpt":{"rendered":"<p>187 g\/m\u00b295% poli\u00e9ster (reciclado), 5% elastanoTejido de alta calidad, dise\u00f1o elegante y deportivoAbsorbe la humedad, secado r\u00e1pidoTapeta con acabado sencillo (3 botones mismo tono)F\u00e1cil cuidadoAjuste<\/p>","protected":false},"featured_media":421467,"comment_status":"open","ping_status":"closed","template":"","meta":{"_acf_changed":false},"product_brand":[11671],"product_cat":[13974,13975,13979,13988,13973],"product_tag":[],"class_list":{"0":"post-386166","1":"product","2":"type-product","3":"status-publish","4":"has-post-thumbnail","6":"product_brand-tee-jays","7":"product_cat-ropa-hombre","8":"product_cat-ropa-mujer","9":"product_cat-h-polos","10":"product_cat-m-polos","11":"product_cat-ropa","12":"tm-no-options","14":"first","15":"instock","16":"taxable","17":"shipping-taxable","18":"product-type-variable"},"acf":[],"_links":{"self":[{"href":"https:\/\/grupotextil.es\/en\/wp-json\/wp\/v2\/product\/386166","targetHints":{"allow":["GET"]}}],"collection":[{"href":"https:\/\/grupotextil.es\/en\/wp-json\/wp\/v2\/product"}],"about":[{"href":"https:\/\/grupotextil.es\/en\/wp-json\/wp\/v2\/types\/product"}],"replies":[{"embeddable":true,"href":"https:\/\/grupotextil.es\/en\/wp-json\/wp\/v2\/comments?post=386166"}],"wp:featuredmedia":[{"embeddable":true,"href":"https:\/\/grupotextil.es\/en\/wp-json\/wp\/v2\/media\/421467"}],"wp:attachment":[{"href":"https:\/\/grupotextil.es\/en\/wp-json\/wp\/v2\/media?parent=386166"}],"wp:term":[{"taxonomy":"product_brand","embeddable":true,"href":"https:\/\/grupotextil.es\/en\/wp-json\/wp\/v2\/product_brand?post=386166"},{"taxonomy":"product_cat","embeddable":true,"href":"https:\/\/grupotextil.es\/en\/wp-json\/wp\/v2\/product_cat?post=386166"},{"taxonomy":"product_tag","embeddable":true,"href":"https:\/\/grupotextil.es\/en\/wp-json\/wp\/v2\/product_tag?post=386166"}],"curies":[{"name":"wp","href":"https:\/\/api.w.org\/{rel}","templated":true}]}}