{"id":386268,"date":"2026-03-08T03:49:36","date_gmt":"2026-03-08T02:49:36","guid":{"rendered":"https:\/\/grupotextil.es\/producto\/polo-safran-pure-lsl-women\/"},"modified":"2026-03-08T03:49:36","modified_gmt":"2026-03-08T02:49:36","slug":"polo-safran-pure-lsl-women","status":"publish","type":"product","link":"https:\/\/grupotextil.es\/en\/product\/polo-safran-pure-lsl-women\/","title":{"rendered":"Polo Safran Pure LSLWomen"},"content":{"rendered":"<ul>\n<li>180 g\/m\u00b2<\/li>\n<li>100% algod\u00f3n ring-spun peinado piqu\u00e9<\/li>\n<li>Pre-encogido<\/li>\n<li>Cuello en canal\u00e9<\/li>\n<li>Cuello encintado<\/li>\n<li>Tapeta con 4 botones en el mismo tono de la prenda<\/li>\n<li>Sin pu\u00f1os<\/li>\n<li>Costuras laterales<\/li>\n<li>Aberturas laterales<\/li>\n<li>Dobladillo con doble costura en el bajo<\/li>\n<li>Corte ajustado<\/li>\n<\/ul>","protected":false},"excerpt":{"rendered":"<p>180 g\/m\u00b2100% algod\u00f3n ring-spun peinado piqu\u00e9Pre-encogidoCuello en canal\u00e9Cuello encintadoTapeta con 4 botones en el mismo tono de la prendaSin pu\u00f1osCosturas lateralesAberturas lateralesDobladillo con d<\/p>","protected":false},"featured_media":421490,"comment_status":"open","ping_status":"closed","template":"","meta":{"_acf_changed":false},"product_brand":[11653],"product_cat":[13974,13975,13979,13988,13973],"product_tag":[],"class_list":{"0":"post-386268","1":"product","2":"type-product","3":"status-publish","4":"has-post-thumbnail","6":"product_brand-b-c","7":"product_cat-ropa-hombre","8":"product_cat-ropa-mujer","9":"product_cat-h-polos","10":"product_cat-m-polos","11":"product_cat-ropa","12":"tm-no-options","14":"first","15":"instock","16":"taxable","17":"shipping-taxable","18":"product-type-variable"},"acf":[],"_links":{"self":[{"href":"https:\/\/grupotextil.es\/en\/wp-json\/wp\/v2\/product\/386268","targetHints":{"allow":["GET"]}}],"collection":[{"href":"https:\/\/grupotextil.es\/en\/wp-json\/wp\/v2\/product"}],"about":[{"href":"https:\/\/grupotextil.es\/en\/wp-json\/wp\/v2\/types\/product"}],"replies":[{"embeddable":true,"href":"https:\/\/grupotextil.es\/en\/wp-json\/wp\/v2\/comments?post=386268"}],"wp:featuredmedia":[{"embeddable":true,"href":"https:\/\/grupotextil.es\/en\/wp-json\/wp\/v2\/media\/421490"}],"wp:attachment":[{"href":"https:\/\/grupotextil.es\/en\/wp-json\/wp\/v2\/media?parent=386268"}],"wp:term":[{"taxonomy":"product_brand","embeddable":true,"href":"https:\/\/grupotextil.es\/en\/wp-json\/wp\/v2\/product_brand?post=386268"},{"taxonomy":"product_cat","embeddable":true,"href":"https:\/\/grupotextil.es\/en\/wp-json\/wp\/v2\/product_cat?post=386268"},{"taxonomy":"product_tag","embeddable":true,"href":"https:\/\/grupotextil.es\/en\/wp-json\/wp\/v2\/product_tag?post=386268"}],"curies":[{"name":"wp","href":"https:\/\/api.w.org\/{rel}","templated":true}]}}