{"id":386331,"date":"2026-03-08T03:49:39","date_gmt":"2026-03-08T02:49:39","guid":{"rendered":"https:\/\/grupotextil.es\/producto\/polo-organico-manga-larga-luxury-mujer\/"},"modified":"2026-03-08T03:49:39","modified_gmt":"2026-03-08T02:49:39","slug":"polo-organico-manga-larga-luxury-mujer","status":"publish","type":"product","link":"https:\/\/grupotextil.es\/en\/product\/polo-organico-manga-larga-luxury-mujer\/","title":{"rendered":"Polo org\u00e1nico manga larga Luxury mujer"},"content":{"rendered":"<ul>\n<li>215 g\/m\u00b2<\/li>\n<li>95% algod\u00f3n org\u00e1nico ring-spun, 5% elast\u00e1n<\/li>\n<li>Mini piqu\u00e9 compacto<\/li>\n<li>Doble preencogido<\/li>\n<li>Encintado de hombro a hombro<\/li>\n<li>Cuello de punto plano con lycra<\/li>\n<li>Tapeta con acabado limpio<\/li>\n<li>Manga larga con pu\u00f1o<\/li>\n<li>Corte ajustado<\/li>\n<\/ul>","protected":false},"excerpt":{"rendered":"<p>215 g\/m\u00b295% algod\u00f3n org\u00e1nico ring-spun, 5% elast\u00e1nMini piqu\u00e9 compactoDoble preencogidoEncintado de hombro a hombroCuello de punto plano con lycraTapeta con acabado limpioManga larga con pu\u00f1oCorte ajus<\/p>","protected":false},"featured_media":421496,"comment_status":"open","ping_status":"closed","template":"","meta":{"_acf_changed":false},"product_brand":[11671],"product_cat":[13974,13975,13988,13979,13973],"product_tag":[],"class_list":{"0":"post-386331","1":"product","2":"type-product","3":"status-publish","4":"has-post-thumbnail","6":"product_brand-tee-jays","7":"product_cat-ropa-hombre","8":"product_cat-ropa-mujer","9":"product_cat-m-polos","10":"product_cat-h-polos","11":"product_cat-ropa","12":"tm-no-options","14":"first","15":"instock","16":"taxable","17":"shipping-taxable","18":"product-type-variable"},"acf":[],"_links":{"self":[{"href":"https:\/\/grupotextil.es\/en\/wp-json\/wp\/v2\/product\/386331","targetHints":{"allow":["GET"]}}],"collection":[{"href":"https:\/\/grupotextil.es\/en\/wp-json\/wp\/v2\/product"}],"about":[{"href":"https:\/\/grupotextil.es\/en\/wp-json\/wp\/v2\/types\/product"}],"replies":[{"embeddable":true,"href":"https:\/\/grupotextil.es\/en\/wp-json\/wp\/v2\/comments?post=386331"}],"wp:featuredmedia":[{"embeddable":true,"href":"https:\/\/grupotextil.es\/en\/wp-json\/wp\/v2\/media\/421496"}],"wp:attachment":[{"href":"https:\/\/grupotextil.es\/en\/wp-json\/wp\/v2\/media?parent=386331"}],"wp:term":[{"taxonomy":"product_brand","embeddable":true,"href":"https:\/\/grupotextil.es\/en\/wp-json\/wp\/v2\/product_brand?post=386331"},{"taxonomy":"product_cat","embeddable":true,"href":"https:\/\/grupotextil.es\/en\/wp-json\/wp\/v2\/product_cat?post=386331"},{"taxonomy":"product_tag","embeddable":true,"href":"https:\/\/grupotextil.es\/en\/wp-json\/wp\/v2\/product_tag?post=386331"}],"curies":[{"name":"wp","href":"https:\/\/api.w.org\/{rel}","templated":true}]}}