{"id":386362,"date":"2026-03-08T03:49:40","date_gmt":"2026-03-08T02:49:40","guid":{"rendered":"https:\/\/grupotextil.es\/producto\/polo-superwash-60o-klassic-slim-fit\/"},"modified":"2026-03-08T03:49:40","modified_gmt":"2026-03-08T02:49:40","slug":"polo-superwash-60o-klassic-slim-fit","status":"publish","type":"product","link":"https:\/\/grupotextil.es\/en\/product\/polo-superwash-60o-klassic-slim-fit\/","title":{"rendered":"Polo Superwash \u00ae 60\u00ba klassic ajustado"},"content":{"rendered":"<ul>\n<li>180 g\/m\u00b2<\/li>\n<li>65% poli\u00e9ster y 35% algod\u00f3n (piqu\u00e9)<\/li>\n<li>Cuello y mangas en canal\u00e9 1 x1<\/li>\n<li>Costuras reforzadas en cuello y hombros<\/li>\n<li>Tapa estrecha de tres botones<\/li>\n<li>Rejillas laterales<\/li>\n<li>Bot\u00f3n de repuesto<\/li>\n<li>Etiqueta extra\u00edble<\/li>\n<li>Ajustado<\/li>\n<li>Lavable hasta 60 \u00b0C<\/li>\n<li>Dise\u00f1ada para el bordado, el transfer o la serigraf\u00eda<\/li>\n<\/ul>","protected":false},"excerpt":{"rendered":"<p>180 g\/m\u00b265% poli\u00e9ster y 35% algod\u00f3n (piqu\u00e9)Cuello y mangas en canal\u00e9 1 x1Costuras reforzadas en cuello y hombrosTapa estrecha de tres botonesRejillas lateralesBot\u00f3n de repuestoEtiqueta extra\u00edbleAjusta<\/p>","protected":false},"featured_media":421510,"comment_status":"open","ping_status":"closed","template":"","meta":{"_acf_changed":false},"product_brand":[11672],"product_cat":[13974,13975,13979,13988,13973],"product_tag":[],"class_list":{"0":"post-386362","1":"product","2":"type-product","3":"status-publish","4":"has-post-thumbnail","6":"product_brand-kustom-kit","7":"product_cat-ropa-hombre","8":"product_cat-ropa-mujer","9":"product_cat-h-polos","10":"product_cat-m-polos","11":"product_cat-ropa","12":"tm-no-options","14":"first","15":"instock","16":"taxable","17":"shipping-taxable","18":"product-type-variable"},"acf":[],"_links":{"self":[{"href":"https:\/\/grupotextil.es\/en\/wp-json\/wp\/v2\/product\/386362","targetHints":{"allow":["GET"]}}],"collection":[{"href":"https:\/\/grupotextil.es\/en\/wp-json\/wp\/v2\/product"}],"about":[{"href":"https:\/\/grupotextil.es\/en\/wp-json\/wp\/v2\/types\/product"}],"replies":[{"embeddable":true,"href":"https:\/\/grupotextil.es\/en\/wp-json\/wp\/v2\/comments?post=386362"}],"wp:featuredmedia":[{"embeddable":true,"href":"https:\/\/grupotextil.es\/en\/wp-json\/wp\/v2\/media\/421510"}],"wp:attachment":[{"href":"https:\/\/grupotextil.es\/en\/wp-json\/wp\/v2\/media?parent=386362"}],"wp:term":[{"taxonomy":"product_brand","embeddable":true,"href":"https:\/\/grupotextil.es\/en\/wp-json\/wp\/v2\/product_brand?post=386362"},{"taxonomy":"product_cat","embeddable":true,"href":"https:\/\/grupotextil.es\/en\/wp-json\/wp\/v2\/product_cat?post=386362"},{"taxonomy":"product_tag","embeddable":true,"href":"https:\/\/grupotextil.es\/en\/wp-json\/wp\/v2\/product_tag?post=386362"}],"curies":[{"name":"wp","href":"https:\/\/api.w.org\/{rel}","templated":true}]}}