{"id":386373,"date":"2026-03-08T03:49:41","date_gmt":"2026-03-08T02:49:41","guid":{"rendered":"https:\/\/grupotextil.es\/producto\/polo-hombre-workforce\/"},"modified":"2026-03-08T03:49:41","modified_gmt":"2026-03-08T02:49:41","slug":"polo-hombre-workforce","status":"publish","type":"product","link":"https:\/\/grupotextil.es\/en\/product\/polo-hombre-workforce\/","title":{"rendered":"Polo hombre Workforce"},"content":{"rendered":"<ul>\n<li>200 g\/m\u00b2<\/li>\n<li>50% algod\u00f3n, 50% poli\u00e9ster<\/li>\n<li>Cuello de punto en canal\u00e9 con 2 botones<\/li>\n<li>Cinta interior en el cuello<\/li>\n<li>Dobladillo y pu\u00f1os con doble costura<\/li>\n<li>Lavable hasta 60 \u00b0 C<\/li>\n<li>Corte regular.<\/li>\n<\/ul>","protected":false},"excerpt":{"rendered":"<p>200 g\/m\u00b250% algod\u00f3n, 50% poli\u00e9sterCuello de punto en canal\u00e9 con 2 botonesCinta interior en el cuelloDobladillo y pu\u00f1os con doble costuraLavable hasta 60 \u00b0 CCorte regular.<\/p>","protected":false},"featured_media":421515,"comment_status":"open","ping_status":"closed","template":"","meta":{"_acf_changed":false},"product_brand":[11672],"product_cat":[13974,13975,13979,13988,13973],"product_tag":[14009],"class_list":{"0":"post-386373","1":"product","2":"type-product","3":"status-publish","4":"has-post-thumbnail","6":"product_brand-kustom-kit","7":"product_cat-ropa-hombre","8":"product_cat-ropa-mujer","9":"product_cat-h-polos","10":"product_cat-m-polos","11":"product_cat-ropa","12":"product_tag-top-ventas","13":"tm-no-options","15":"first","16":"instock","17":"taxable","18":"shipping-taxable","19":"product-type-variable"},"acf":[],"_links":{"self":[{"href":"https:\/\/grupotextil.es\/en\/wp-json\/wp\/v2\/product\/386373","targetHints":{"allow":["GET"]}}],"collection":[{"href":"https:\/\/grupotextil.es\/en\/wp-json\/wp\/v2\/product"}],"about":[{"href":"https:\/\/grupotextil.es\/en\/wp-json\/wp\/v2\/types\/product"}],"replies":[{"embeddable":true,"href":"https:\/\/grupotextil.es\/en\/wp-json\/wp\/v2\/comments?post=386373"}],"wp:featuredmedia":[{"embeddable":true,"href":"https:\/\/grupotextil.es\/en\/wp-json\/wp\/v2\/media\/421515"}],"wp:attachment":[{"href":"https:\/\/grupotextil.es\/en\/wp-json\/wp\/v2\/media?parent=386373"}],"wp:term":[{"taxonomy":"product_brand","embeddable":true,"href":"https:\/\/grupotextil.es\/en\/wp-json\/wp\/v2\/product_brand?post=386373"},{"taxonomy":"product_cat","embeddable":true,"href":"https:\/\/grupotextil.es\/en\/wp-json\/wp\/v2\/product_cat?post=386373"},{"taxonomy":"product_tag","embeddable":true,"href":"https:\/\/grupotextil.es\/en\/wp-json\/wp\/v2\/product_tag?post=386373"}],"curies":[{"name":"wp","href":"https:\/\/api.w.org\/{rel}","templated":true}]}}