{"id":386538,"date":"2026-03-08T03:51:06","date_gmt":"2026-03-08T02:51:06","guid":{"rendered":"https:\/\/grupotextil.es\/producto\/polo-mujer-workforce\/"},"modified":"2026-03-08T03:51:06","modified_gmt":"2026-03-08T02:51:06","slug":"polo-mujer-workforce","status":"publish","type":"product","link":"https:\/\/grupotextil.es\/en\/product\/polo-mujer-workforce\/","title":{"rendered":"Polo mujer Workforce"},"content":{"rendered":"<ul>\n<li>200 g\/m\u00b2<\/li>\n<li>50% algod\u00f3n, 50% poli\u00e9ster<\/li>\n<li>Cuello de punto en canal\u00e9 con 2 botones<\/li>\n<li>Cinta interior en el cuello<\/li>\n<li>Dobladillo y pu\u00f1os con doble costura<\/li>\n<li>Lavable hasta 60\u00b0C<\/li>\n<li>Corte regular<\/li>\n<\/ul>","protected":false},"excerpt":{"rendered":"<p>200 g\/m\u00b250% algod\u00f3n, 50% poli\u00e9sterCuello de punto en canal\u00e9 con 2 botonesCinta interior en el cuelloDobladillo y pu\u00f1os con doble costuraLavable hasta 60\u00b0CCorte regular<\/p>","protected":false},"featured_media":421531,"comment_status":"open","ping_status":"closed","template":"","meta":{"_acf_changed":false},"product_brand":[11672],"product_cat":[13974,13975,13979,13988,13973],"product_tag":[],"class_list":{"0":"post-386538","1":"product","2":"type-product","3":"status-publish","4":"has-post-thumbnail","6":"product_brand-kustom-kit","7":"product_cat-ropa-hombre","8":"product_cat-ropa-mujer","9":"product_cat-h-polos","10":"product_cat-m-polos","11":"product_cat-ropa","12":"tm-no-options","14":"first","15":"instock","16":"taxable","17":"shipping-taxable","18":"product-type-variable"},"acf":[],"_links":{"self":[{"href":"https:\/\/grupotextil.es\/en\/wp-json\/wp\/v2\/product\/386538","targetHints":{"allow":["GET"]}}],"collection":[{"href":"https:\/\/grupotextil.es\/en\/wp-json\/wp\/v2\/product"}],"about":[{"href":"https:\/\/grupotextil.es\/en\/wp-json\/wp\/v2\/types\/product"}],"replies":[{"embeddable":true,"href":"https:\/\/grupotextil.es\/en\/wp-json\/wp\/v2\/comments?post=386538"}],"wp:featuredmedia":[{"embeddable":true,"href":"https:\/\/grupotextil.es\/en\/wp-json\/wp\/v2\/media\/421531"}],"wp:attachment":[{"href":"https:\/\/grupotextil.es\/en\/wp-json\/wp\/v2\/media?parent=386538"}],"wp:term":[{"taxonomy":"product_brand","embeddable":true,"href":"https:\/\/grupotextil.es\/en\/wp-json\/wp\/v2\/product_brand?post=386538"},{"taxonomy":"product_cat","embeddable":true,"href":"https:\/\/grupotextil.es\/en\/wp-json\/wp\/v2\/product_cat?post=386538"},{"taxonomy":"product_tag","embeddable":true,"href":"https:\/\/grupotextil.es\/en\/wp-json\/wp\/v2\/product_tag?post=386538"}],"curies":[{"name":"wp","href":"https:\/\/api.w.org\/{rel}","templated":true}]}}