{"id":386578,"date":"2026-03-08T03:51:08","date_gmt":"2026-03-08T02:51:08","guid":{"rendered":"https:\/\/grupotextil.es\/producto\/polo-pique-safran-pure-women\/"},"modified":"2026-03-08T03:51:08","modified_gmt":"2026-03-08T02:51:08","slug":"polo-pique-safran-pure-women","status":"publish","type":"product","link":"https:\/\/grupotextil.es\/en\/product\/polo-pique-safran-pure-women\/","title":{"rendered":"Polo piqu\u00e9 Safran PureWomen"},"content":{"rendered":"<ul>\n<li>180 g\/m\u00b2<\/li>\n<li>100% Algod\u00f3n, preencogido, ring-spun y peinado<\/li>\n<li>Heather Grey: 90% algod\u00f3n Better Cotton, 10% viscosa<\/li>\n<li>Cuello en canal\u00e9<\/li>\n<li>Cuello encintado<\/li>\n<li>Tapeta con 2 botones del mismo color de la prenda<\/li>\n<li>Bajo de manga en canal\u00e9<\/li>\n<li>Costuras laterales<\/li>\n<li>Bajos a doble aguja<\/li>\n<li>Corte ajustado<\/li>\n<\/ul>","protected":false},"excerpt":{"rendered":"<p>180 g\/m\u00b2100% Algod\u00f3n, preencogido, ring-spun y peinadoHeather Grey: 90% algod\u00f3n Better Cotton, 10% viscosaCuello en canal\u00e9Cuello encintadoTapeta con 2 botones del mismo color de la prendaBajo de manga<\/p>","protected":false},"featured_media":421549,"comment_status":"open","ping_status":"closed","template":"","meta":{"_acf_changed":false},"product_brand":[11653],"product_cat":[13974,13975,13979,13988,13973],"product_tag":[],"class_list":{"0":"post-386578","1":"product","2":"type-product","3":"status-publish","4":"has-post-thumbnail","6":"product_brand-b-c","7":"product_cat-ropa-hombre","8":"product_cat-ropa-mujer","9":"product_cat-h-polos","10":"product_cat-m-polos","11":"product_cat-ropa","12":"tm-no-options","14":"first","15":"instock","16":"taxable","17":"shipping-taxable","18":"product-type-variable"},"acf":[],"_links":{"self":[{"href":"https:\/\/grupotextil.es\/en\/wp-json\/wp\/v2\/product\/386578","targetHints":{"allow":["GET"]}}],"collection":[{"href":"https:\/\/grupotextil.es\/en\/wp-json\/wp\/v2\/product"}],"about":[{"href":"https:\/\/grupotextil.es\/en\/wp-json\/wp\/v2\/types\/product"}],"replies":[{"embeddable":true,"href":"https:\/\/grupotextil.es\/en\/wp-json\/wp\/v2\/comments?post=386578"}],"wp:featuredmedia":[{"embeddable":true,"href":"https:\/\/grupotextil.es\/en\/wp-json\/wp\/v2\/media\/421549"}],"wp:attachment":[{"href":"https:\/\/grupotextil.es\/en\/wp-json\/wp\/v2\/media?parent=386578"}],"wp:term":[{"taxonomy":"product_brand","embeddable":true,"href":"https:\/\/grupotextil.es\/en\/wp-json\/wp\/v2\/product_brand?post=386578"},{"taxonomy":"product_cat","embeddable":true,"href":"https:\/\/grupotextil.es\/en\/wp-json\/wp\/v2\/product_cat?post=386578"},{"taxonomy":"product_tag","embeddable":true,"href":"https:\/\/grupotextil.es\/en\/wp-json\/wp\/v2\/product_tag?post=386578"}],"curies":[{"name":"wp","href":"https:\/\/api.w.org\/{rel}","templated":true}]}}