{"id":386660,"date":"2026-03-08T03:51:41","date_gmt":"2026-03-08T02:51:41","guid":{"rendered":"https:\/\/grupotextil.es\/producto\/my-polo-180-2\/"},"modified":"2026-03-08T03:51:41","modified_gmt":"2026-03-08T02:51:41","slug":"my-polo-180-2","status":"publish","type":"product","link":"https:\/\/grupotextil.es\/en\/product\/my-polo-180-2\/","title":{"rendered":"My polo 180"},"content":{"rendered":"<ul>\n<li>180 g\/m\u00b2<\/li>\n<li>100% Algod\u00f3n (Optimium\u2122), preencogido y ring-spum (Piqu\u00e9 Fino)<\/li>\n<li>Sport Grey: 90% algod\u00f3n Better Cotton, 10% viscosa; Meta Gold: 78% algod\u00f3n, 15% poli\u00e9ster, 7% metalizado<\/li>\n<li>Sensaci\u00f3n de suavidad<\/li>\n<li>Cuello encintado de hombro a hombro<\/li>\n<li>Cuello y pu\u00f1os de punto acanalado<\/li>\n<li>Tapeta de 2 botones<\/li>\n<li>Botones del mismo color<\/li>\n<li>Costuras laterales<\/li>\n<li>Superficie uniforme para resultados de impresi\u00f3n brillantes y n\u00edtidos<\/li>\n<\/ul>","protected":false},"excerpt":{"rendered":"<p>180 g\/m\u00b2100% Algod\u00f3n (Optimium\u2122), preencogido y ring-spum (Piqu\u00e9 Fino)Sport Grey: 90% algod\u00f3n Better Cotton, 10% viscosa; Meta Gold: 78% algod\u00f3n, 15% poli\u00e9ster, 7% metalizadoSensaci\u00f3n de suavidadCuell<\/p>","protected":false},"featured_media":421577,"comment_status":"open","ping_status":"closed","template":"","meta":{"_acf_changed":false},"product_brand":[11653],"product_cat":[13974,13975,13979,13988,13973],"product_tag":[14009],"class_list":{"0":"post-386660","1":"product","2":"type-product","3":"status-publish","4":"has-post-thumbnail","6":"product_brand-b-c","7":"product_cat-ropa-hombre","8":"product_cat-ropa-mujer","9":"product_cat-h-polos","10":"product_cat-m-polos","11":"product_cat-ropa","12":"product_tag-top-ventas","13":"tm-no-options","15":"first","16":"instock","17":"taxable","18":"shipping-taxable","19":"product-type-variable"},"acf":[],"_links":{"self":[{"href":"https:\/\/grupotextil.es\/en\/wp-json\/wp\/v2\/product\/386660","targetHints":{"allow":["GET"]}}],"collection":[{"href":"https:\/\/grupotextil.es\/en\/wp-json\/wp\/v2\/product"}],"about":[{"href":"https:\/\/grupotextil.es\/en\/wp-json\/wp\/v2\/types\/product"}],"replies":[{"embeddable":true,"href":"https:\/\/grupotextil.es\/en\/wp-json\/wp\/v2\/comments?post=386660"}],"wp:featuredmedia":[{"embeddable":true,"href":"https:\/\/grupotextil.es\/en\/wp-json\/wp\/v2\/media\/421577"}],"wp:attachment":[{"href":"https:\/\/grupotextil.es\/en\/wp-json\/wp\/v2\/media?parent=386660"}],"wp:term":[{"taxonomy":"product_brand","embeddable":true,"href":"https:\/\/grupotextil.es\/en\/wp-json\/wp\/v2\/product_brand?post=386660"},{"taxonomy":"product_cat","embeddable":true,"href":"https:\/\/grupotextil.es\/en\/wp-json\/wp\/v2\/product_cat?post=386660"},{"taxonomy":"product_tag","embeddable":true,"href":"https:\/\/grupotextil.es\/en\/wp-json\/wp\/v2\/product_tag?post=386660"}],"curies":[{"name":"wp","href":"https:\/\/api.w.org\/{rel}","templated":true}]}}