{"id":386933,"date":"2026-03-08T03:56:23","date_gmt":"2026-03-08T02:56:23","guid":{"rendered":"https:\/\/grupotextil.es\/producto\/ladies-premium-polo-2\/"},"modified":"2026-03-08T03:56:23","modified_gmt":"2026-03-08T02:56:23","slug":"ladies-premium-polo-2","status":"publish","type":"product","link":"https:\/\/grupotextil.es\/en\/product\/ladies-premium-polo-2\/","title":{"rendered":"Ladies Premium Polo"},"content":{"rendered":"<ul>\n<li>180 g\/m\u00b2 (White: 170 g\/m\u00b2)<\/li>\n<li>100% algod\u00f3n<\/li>\n<li>Heather Grey: 97% algod\u00f3n, 3% poli\u00e9ster<\/li>\n<li>Ash: 99% algod\u00f3n, 1% poli\u00e9ster<\/li>\n<li>Costuras laterales y aberturas laterales para un ajuste femenino<\/li>\n<li>Tapeta estrecha de 2 botones del mismo color<\/li>\n<li>Bajo de manga en canal\u00e9 1&#215;1<\/li>\n<\/ul>","protected":false},"excerpt":{"rendered":"<p>180 g\/m\u00b2 (White: 170 g\/m\u00b2)100% algod\u00f3nHeather Grey: 97% algod\u00f3n, 3% poli\u00e9sterAsh: 99% algod\u00f3n, 1% poli\u00e9sterCosturas laterales y aberturas laterales para un ajuste femeninoTapeta estrecha de 2 botones<\/p>","protected":false},"featured_media":421589,"comment_status":"open","ping_status":"closed","template":"","meta":{"_acf_changed":false},"product_brand":[11665],"product_cat":[13974,13975,13979,13988,13973],"product_tag":[],"class_list":{"0":"post-386933","1":"product","2":"type-product","3":"status-publish","4":"has-post-thumbnail","6":"product_brand-fruit-of-the-loom","7":"product_cat-ropa-hombre","8":"product_cat-ropa-mujer","9":"product_cat-h-polos","10":"product_cat-m-polos","11":"product_cat-ropa","12":"tm-no-options","14":"first","15":"instock","16":"taxable","17":"shipping-taxable","18":"product-type-variable"},"acf":[],"_links":{"self":[{"href":"https:\/\/grupotextil.es\/en\/wp-json\/wp\/v2\/product\/386933","targetHints":{"allow":["GET"]}}],"collection":[{"href":"https:\/\/grupotextil.es\/en\/wp-json\/wp\/v2\/product"}],"about":[{"href":"https:\/\/grupotextil.es\/en\/wp-json\/wp\/v2\/types\/product"}],"replies":[{"embeddable":true,"href":"https:\/\/grupotextil.es\/en\/wp-json\/wp\/v2\/comments?post=386933"}],"wp:featuredmedia":[{"embeddable":true,"href":"https:\/\/grupotextil.es\/en\/wp-json\/wp\/v2\/media\/421589"}],"wp:attachment":[{"href":"https:\/\/grupotextil.es\/en\/wp-json\/wp\/v2\/media?parent=386933"}],"wp:term":[{"taxonomy":"product_brand","embeddable":true,"href":"https:\/\/grupotextil.es\/en\/wp-json\/wp\/v2\/product_brand?post=386933"},{"taxonomy":"product_cat","embeddable":true,"href":"https:\/\/grupotextil.es\/en\/wp-json\/wp\/v2\/product_cat?post=386933"},{"taxonomy":"product_tag","embeddable":true,"href":"https:\/\/grupotextil.es\/en\/wp-json\/wp\/v2\/product_tag?post=386933"}],"curies":[{"name":"wp","href":"https:\/\/api.w.org\/{rel}","templated":true}]}}