{"id":388664,"date":"2026-03-08T04:25:50","date_gmt":"2026-03-08T03:25:50","guid":{"rendered":"https:\/\/grupotextil.es\/producto\/my-polo-eco-65-35-mujer\/"},"modified":"2026-03-08T04:25:50","modified_gmt":"2026-03-08T03:25:50","slug":"my-polo-eco-65-35-mujer","status":"publish","type":"product","link":"https:\/\/grupotextil.es\/en\/product\/my-polo-eco-65-35-mujer\/","title":{"rendered":"My Polo Eco 65\/35 mujer"},"content":{"rendered":"<ul>\n<li>180 g\/m\u00b2<\/li>\n<li>65% poli\u00e9ster (reciclado), 35% algod\u00f3n Better Cotton preencogido y ring-spun<\/li>\n<li>Piqu\u00e9 fino transpirable con tacto ultrasuave<\/li>\n<li>Cuello y pu\u00f1os de punto acanalado<\/li>\n<li>Solapa contempor\u00e1nea reforzada con 2 botones<\/li>\n<li>Botones del mismo color<\/li>\n<li>Cuello encintado de hombro a hombro<\/li>\n<li>Costuras laterales<\/li>\n<li>Soluci\u00f3n \u201cB&amp;C No Label\u201d para un f\u00e1cil cambio de marca, etiqueta Tear-Away<\/li>\n<li>Lavable hasta 60\u00b0C<\/li>\n<li>Superficie uniforme para resultados de impresi\u00f3n brillantes y n\u00edtidos<\/li>\n<li>Ajustado<\/li>\n<\/ul>","protected":false},"excerpt":{"rendered":"<p>180 g\/m\u00b265% poli\u00e9ster (reciclado), 35% algod\u00f3n Better Cotton preencogido y ring-spunPiqu\u00e9 fino transpirable con tacto ultrasuaveCuello y pu\u00f1os de punto acanaladoSolapa contempor\u00e1nea reforzada con 2 bo<\/p>","protected":false},"featured_media":421695,"comment_status":"open","ping_status":"closed","template":"","meta":{"_acf_changed":false},"product_brand":[11653],"product_cat":[13974,13975,13979,13988,13973],"product_tag":[],"class_list":{"0":"post-388664","1":"product","2":"type-product","3":"status-publish","4":"has-post-thumbnail","6":"product_brand-b-c","7":"product_cat-ropa-hombre","8":"product_cat-ropa-mujer","9":"product_cat-h-polos","10":"product_cat-m-polos","11":"product_cat-ropa","12":"tm-no-options","14":"first","15":"instock","16":"taxable","17":"shipping-taxable","18":"product-type-variable"},"acf":[],"_links":{"self":[{"href":"https:\/\/grupotextil.es\/en\/wp-json\/wp\/v2\/product\/388664","targetHints":{"allow":["GET"]}}],"collection":[{"href":"https:\/\/grupotextil.es\/en\/wp-json\/wp\/v2\/product"}],"about":[{"href":"https:\/\/grupotextil.es\/en\/wp-json\/wp\/v2\/types\/product"}],"replies":[{"embeddable":true,"href":"https:\/\/grupotextil.es\/en\/wp-json\/wp\/v2\/comments?post=388664"}],"wp:featuredmedia":[{"embeddable":true,"href":"https:\/\/grupotextil.es\/en\/wp-json\/wp\/v2\/media\/421695"}],"wp:attachment":[{"href":"https:\/\/grupotextil.es\/en\/wp-json\/wp\/v2\/media?parent=388664"}],"wp:term":[{"taxonomy":"product_brand","embeddable":true,"href":"https:\/\/grupotextil.es\/en\/wp-json\/wp\/v2\/product_brand?post=388664"},{"taxonomy":"product_cat","embeddable":true,"href":"https:\/\/grupotextil.es\/en\/wp-json\/wp\/v2\/product_cat?post=388664"},{"taxonomy":"product_tag","embeddable":true,"href":"https:\/\/grupotextil.es\/en\/wp-json\/wp\/v2\/product_tag?post=388664"}],"curies":[{"name":"wp","href":"https:\/\/api.w.org\/{rel}","templated":true}]}}