{"id":389968,"date":"2026-03-08T04:30:33","date_gmt":"2026-03-08T03:30:33","guid":{"rendered":"https:\/\/grupotextil.es\/producto\/polo-pique-heavymill-hombre\/"},"modified":"2026-03-08T04:30:33","modified_gmt":"2026-03-08T03:30:33","slug":"polo-pique-heavymill-hombre","status":"publish","type":"product","link":"https:\/\/grupotextil.es\/en\/product\/polo-pique-heavymill-hombre\/","title":{"rendered":"Polo piqu\u00e9 Heavymill hombre"},"content":{"rendered":"<ul>\n<li>230 g\/m\u00b2<\/li>\n<li>100% Algod\u00f3n, preencogido, ring-spun y peinado<\/li>\n<li>Heather Grey: 90% algod\u00f3n, 10% poli\u00e9ster<\/li>\n<li>Ash: 99% algod\u00f3n, 1% viscosa<\/li>\n<li>Punto piqu\u00e9<\/li>\n<li>Cuello encintado<\/li>\n<li>Cuello y pu\u00f1os en canal\u00e9<\/li>\n<li>Tapeta con 3 botones del mismo color de la prenda<\/li>\n<li>Aberturas laterales<\/li>\n<\/ul>","protected":false},"excerpt":{"rendered":"<p>230 g\/m\u00b2100% Algod\u00f3n, preencogido, ring-spun y peinadoHeather Grey: 90% algod\u00f3n, 10% poli\u00e9sterAsh: 99% algod\u00f3n, 1% viscosaPunto piqu\u00e9Cuello encintadoCuello y pu\u00f1os en canal\u00e9Tapeta con 3 botones del mi<\/p>","protected":false},"featured_media":421888,"comment_status":"open","ping_status":"closed","template":"","meta":{"_acf_changed":false},"product_brand":[11653],"product_cat":[13974,13975,13979,13988,13973],"product_tag":[],"class_list":{"0":"post-389968","1":"product","2":"type-product","3":"status-publish","4":"has-post-thumbnail","6":"product_brand-b-c","7":"product_cat-ropa-hombre","8":"product_cat-ropa-mujer","9":"product_cat-h-polos","10":"product_cat-m-polos","11":"product_cat-ropa","12":"tm-no-options","14":"first","15":"instock","16":"taxable","17":"shipping-taxable","18":"product-type-variable"},"acf":[],"_links":{"self":[{"href":"https:\/\/grupotextil.es\/en\/wp-json\/wp\/v2\/product\/389968","targetHints":{"allow":["GET"]}}],"collection":[{"href":"https:\/\/grupotextil.es\/en\/wp-json\/wp\/v2\/product"}],"about":[{"href":"https:\/\/grupotextil.es\/en\/wp-json\/wp\/v2\/types\/product"}],"replies":[{"embeddable":true,"href":"https:\/\/grupotextil.es\/en\/wp-json\/wp\/v2\/comments?post=389968"}],"wp:featuredmedia":[{"embeddable":true,"href":"https:\/\/grupotextil.es\/en\/wp-json\/wp\/v2\/media\/421888"}],"wp:attachment":[{"href":"https:\/\/grupotextil.es\/en\/wp-json\/wp\/v2\/media?parent=389968"}],"wp:term":[{"taxonomy":"product_brand","embeddable":true,"href":"https:\/\/grupotextil.es\/en\/wp-json\/wp\/v2\/product_brand?post=389968"},{"taxonomy":"product_cat","embeddable":true,"href":"https:\/\/grupotextil.es\/en\/wp-json\/wp\/v2\/product_cat?post=389968"},{"taxonomy":"product_tag","embeddable":true,"href":"https:\/\/grupotextil.es\/en\/wp-json\/wp\/v2\/product_tag?post=389968"}],"curies":[{"name":"wp","href":"https:\/\/api.w.org\/{rel}","templated":true}]}}