{"id":389986,"date":"2026-03-08T04:30:34","date_gmt":"2026-03-08T03:30:34","guid":{"rendered":"https:\/\/grupotextil.es\/producto\/polo-stretch-mujer\/"},"modified":"2026-03-08T04:30:34","modified_gmt":"2026-03-08T03:30:34","slug":"polo-stretch-mujer","status":"publish","type":"product","link":"https:\/\/grupotextil.es\/en\/product\/polo-stretch-mujer\/","title":{"rendered":"Polo stretch mujer"},"content":{"rendered":"<ul>\n<li>210 g\/m\u00b2 (White: 205 g\/m\u00b2)<\/li>\n<li>95% algod\u00f3n, 5% elast\u00e1n<\/li>\n<li>Light Oxford: 84% algod\u00f3n, 14% viscosa, 4% elast\u00e1n<\/li>\n<li>Tacto suave<\/li>\n<li>Cuello corto<\/li>\n<li>Tapeta de 4 botones<\/li>\n<li>Botones en color de contraste<\/li>\n<li>Bajo de manga en canal\u00e9<\/li>\n<li>Costura del hombro conjuntada<\/li>\n<li>Cinta en espiguilla en aberturas laterales<\/li>\n<li>M\u00e1s largo<\/li>\n<li>Corte ajustado<\/li>\n<\/ul>","protected":false},"excerpt":{"rendered":"<p>210 g\/m\u00b2 (White: 205 g\/m\u00b2)95% algod\u00f3n, 5% elast\u00e1nLight Oxford: 84% algod\u00f3n, 14% viscosa, 4% elast\u00e1nTacto suaveCuello cortoTapeta de 4 botonesBotones en color de contrasteBajo de manga en canal\u00e9Costura<\/p>","protected":false},"featured_media":421891,"comment_status":"open","ping_status":"closed","template":"","meta":{"_acf_changed":false},"product_brand":[11670],"product_cat":[13974,13975,13979,13988,13973],"product_tag":[],"class_list":{"0":"post-389986","1":"product","2":"type-product","3":"status-publish","4":"has-post-thumbnail","6":"product_brand-russell-europe","7":"product_cat-ropa-hombre","8":"product_cat-ropa-mujer","9":"product_cat-h-polos","10":"product_cat-m-polos","11":"product_cat-ropa","12":"tm-no-options","14":"first","15":"instock","16":"taxable","17":"shipping-taxable","18":"product-type-variable"},"acf":[],"_links":{"self":[{"href":"https:\/\/grupotextil.es\/en\/wp-json\/wp\/v2\/product\/389986","targetHints":{"allow":["GET"]}}],"collection":[{"href":"https:\/\/grupotextil.es\/en\/wp-json\/wp\/v2\/product"}],"about":[{"href":"https:\/\/grupotextil.es\/en\/wp-json\/wp\/v2\/types\/product"}],"replies":[{"embeddable":true,"href":"https:\/\/grupotextil.es\/en\/wp-json\/wp\/v2\/comments?post=389986"}],"wp:featuredmedia":[{"embeddable":true,"href":"https:\/\/grupotextil.es\/en\/wp-json\/wp\/v2\/media\/421891"}],"wp:attachment":[{"href":"https:\/\/grupotextil.es\/en\/wp-json\/wp\/v2\/media?parent=389986"}],"wp:term":[{"taxonomy":"product_brand","embeddable":true,"href":"https:\/\/grupotextil.es\/en\/wp-json\/wp\/v2\/product_brand?post=389986"},{"taxonomy":"product_cat","embeddable":true,"href":"https:\/\/grupotextil.es\/en\/wp-json\/wp\/v2\/product_cat?post=389986"},{"taxonomy":"product_tag","embeddable":true,"href":"https:\/\/grupotextil.es\/en\/wp-json\/wp\/v2\/product_tag?post=389986"}],"curies":[{"name":"wp","href":"https:\/\/api.w.org\/{rel}","templated":true}]}}