{"id":390299,"date":"2026-03-08T04:30:59","date_gmt":"2026-03-08T03:30:59","guid":{"rendered":"https:\/\/grupotextil.es\/producto\/polo-ultimate-de-algodon-mujer\/"},"modified":"2026-03-08T04:30:59","modified_gmt":"2026-03-08T03:30:59","slug":"polo-ultimate-de-algodon-mujer","status":"publish","type":"product","link":"https:\/\/grupotextil.es\/en\/product\/polo-ultimate-de-algodon-mujer\/","title":{"rendered":"Polo Ultimate de algod\u00f3n mujer"},"content":{"rendered":"<ul>\n<li>215 g\/m\u00b2 (White: 210 g\/m\u00b2)<\/li>\n<li>100% algod\u00f3n ring-spun y peinado<\/li>\n<li>Cuello en canal\u00e9<\/li>\n<li>Cuello encintado en espiguilla<\/li>\n<li>Tapeta con 2 botones (m\u00e1s 1 bot\u00f3n de repuesto)<\/li>\n<li>Botones del mismo color que la prenda<\/li>\n<li>Doble costura en el bajo de las mangas y el dobladillo<\/li>\n<li>Costuras laterales<\/li>\n<li>Aberturas laterales reforzadas<\/li>\n<li>Preencogido, lavable a 60\u00baC<\/li>\n<\/ul>","protected":false},"excerpt":{"rendered":"<p>215 g\/m\u00b2 (White: 210 g\/m\u00b2)100% algod\u00f3n ring-spun y peinadoCuello en canal\u00e9Cuello encintado en espiguillaTapeta con 2 botones (m\u00e1s 1 bot\u00f3n de repuesto)Botones del mismo color que la prendaDoble costura<\/p>","protected":false},"featured_media":421993,"comment_status":"open","ping_status":"closed","template":"","meta":{"_acf_changed":false},"product_brand":[11670],"product_cat":[13974,13975,13979,13988,13973],"product_tag":[],"class_list":{"0":"post-390299","1":"product","2":"type-product","3":"status-publish","4":"has-post-thumbnail","6":"product_brand-russell-europe","7":"product_cat-ropa-hombre","8":"product_cat-ropa-mujer","9":"product_cat-h-polos","10":"product_cat-m-polos","11":"product_cat-ropa","12":"tm-no-options","14":"first","15":"instock","16":"taxable","17":"shipping-taxable","18":"product-type-variable"},"acf":[],"_links":{"self":[{"href":"https:\/\/grupotextil.es\/en\/wp-json\/wp\/v2\/product\/390299","targetHints":{"allow":["GET"]}}],"collection":[{"href":"https:\/\/grupotextil.es\/en\/wp-json\/wp\/v2\/product"}],"about":[{"href":"https:\/\/grupotextil.es\/en\/wp-json\/wp\/v2\/types\/product"}],"replies":[{"embeddable":true,"href":"https:\/\/grupotextil.es\/en\/wp-json\/wp\/v2\/comments?post=390299"}],"wp:featuredmedia":[{"embeddable":true,"href":"https:\/\/grupotextil.es\/en\/wp-json\/wp\/v2\/media\/421993"}],"wp:attachment":[{"href":"https:\/\/grupotextil.es\/en\/wp-json\/wp\/v2\/media?parent=390299"}],"wp:term":[{"taxonomy":"product_brand","embeddable":true,"href":"https:\/\/grupotextil.es\/en\/wp-json\/wp\/v2\/product_brand?post=390299"},{"taxonomy":"product_cat","embeddable":true,"href":"https:\/\/grupotextil.es\/en\/wp-json\/wp\/v2\/product_cat?post=390299"},{"taxonomy":"product_tag","embeddable":true,"href":"https:\/\/grupotextil.es\/en\/wp-json\/wp\/v2\/product_tag?post=390299"}],"curies":[{"name":"wp","href":"https:\/\/api.w.org\/{rel}","templated":true}]}}