{"id":390312,"date":"2026-03-08T04:30:59","date_gmt":"2026-03-08T03:30:59","guid":{"rendered":"https:\/\/grupotextil.es\/producto\/polo-65-35-manga-larga-nino\/"},"modified":"2026-03-08T04:30:59","modified_gmt":"2026-03-08T03:30:59","slug":"polo-65-35-manga-larga-nino","status":"publish","type":"product","link":"https:\/\/grupotextil.es\/en\/product\/polo-65-35-manga-larga-nino\/","title":{"rendered":"Polo 65\/35 Long Sleeve Kids"},"content":{"rendered":"<ul>\n<li>180 g\/m\u00b2 (White: 170 g\/m\u00b2)<\/li>\n<li>65% poli\u00e9ster, 35% algod\u00f3n<\/li>\n<li>Punto piqu\u00e9<\/li>\n<li>Cuello encintado<\/li>\n<li>Tapeta con 2 botones del mismo color de la prenda<\/li>\n<li>Pu\u00f1os en canal\u00e9 con elast\u00e1n<\/li>\n<li>Costuras laterales<\/li>\n<li>Bajo con doble costura<\/li>\n<li>F\u00e1cil cuidado<\/li>\n<\/ul>","protected":false},"excerpt":{"rendered":"<p>180 g\/m\u00b2 (White: 170 g\/m\u00b2)65% poli\u00e9ster, 35% algod\u00f3nPunto piqu\u00e9Cuello encintadoTapeta con 2 botones del mismo color de la prendaPu\u00f1os en canal\u00e9 con elast\u00e1nCosturas lateralesBajo con doble costuraF\u00e1cil<\/p>","protected":false},"featured_media":421996,"comment_status":"open","ping_status":"closed","template":"","meta":{"_acf_changed":false},"product_brand":[11665],"product_cat":[13974,13975,13979,13988,13973],"product_tag":[],"class_list":{"0":"post-390312","1":"product","2":"type-product","3":"status-publish","4":"has-post-thumbnail","6":"product_brand-fruit-of-the-loom","7":"product_cat-ropa-hombre","8":"product_cat-ropa-mujer","9":"product_cat-h-polos","10":"product_cat-m-polos","11":"product_cat-ropa","12":"tm-no-options","14":"first","15":"instock","16":"taxable","17":"shipping-taxable","18":"product-type-variable"},"acf":[],"_links":{"self":[{"href":"https:\/\/grupotextil.es\/en\/wp-json\/wp\/v2\/product\/390312","targetHints":{"allow":["GET"]}}],"collection":[{"href":"https:\/\/grupotextil.es\/en\/wp-json\/wp\/v2\/product"}],"about":[{"href":"https:\/\/grupotextil.es\/en\/wp-json\/wp\/v2\/types\/product"}],"replies":[{"embeddable":true,"href":"https:\/\/grupotextil.es\/en\/wp-json\/wp\/v2\/comments?post=390312"}],"wp:featuredmedia":[{"embeddable":true,"href":"https:\/\/grupotextil.es\/en\/wp-json\/wp\/v2\/media\/421996"}],"wp:attachment":[{"href":"https:\/\/grupotextil.es\/en\/wp-json\/wp\/v2\/media?parent=390312"}],"wp:term":[{"taxonomy":"product_brand","embeddable":true,"href":"https:\/\/grupotextil.es\/en\/wp-json\/wp\/v2\/product_brand?post=390312"},{"taxonomy":"product_cat","embeddable":true,"href":"https:\/\/grupotextil.es\/en\/wp-json\/wp\/v2\/product_cat?post=390312"},{"taxonomy":"product_tag","embeddable":true,"href":"https:\/\/grupotextil.es\/en\/wp-json\/wp\/v2\/product_tag?post=390312"}],"curies":[{"name":"wp","href":"https:\/\/api.w.org\/{rel}","templated":true}]}}