{"id":390568,"date":"2026-03-08T04:32:13","date_gmt":"2026-03-08T03:32:13","guid":{"rendered":"https:\/\/grupotextil.es\/producto\/polo-algodon-pique-nino\/"},"modified":"2026-03-08T04:32:13","modified_gmt":"2026-03-08T03:32:13","slug":"polo-algodon-pique-nino","status":"publish","type":"product","link":"https:\/\/grupotextil.es\/en\/product\/polo-algodon-pique-nino\/","title":{"rendered":"Polo algod\u00f3n piqu\u00e9 Kids"},"content":{"rendered":"<ul>\n<li>180 g\/m\u00b2 (White:175 g\/m\u00b2)<\/li>\n<li>100% algod\u00f3n ring-spun piqu\u00e9 (Ash Grey: 99% algod\u00f3n, 1% viscosa) (Light Oxford: 93% algod\u00f3n, 7% viscosa)<\/li>\n<li>Cuello encintado de la misma tela<\/li>\n<li>Cuello y pu\u00f1os en canal\u00e9<\/li>\n<li>Tapeta con 2 botones<\/li>\n<li>Costuras laterales<\/li>\n<li>Aberturas laterales para un mejor ajuste<\/li>\n<li>Bot\u00f3n de repuesto<\/li>\n<li>Esta prenda se fabricar\u00e1 en el futuro sin etiqueta, por lo que es posible realizar entregas mixtas.<\/li>\n<\/ul>","protected":false},"excerpt":{"rendered":"<p>180 g\/m\u00b2 (White:175 g\/m\u00b2)100% algod\u00f3n ring-spun piqu\u00e9 (Ash Grey: 99% algod\u00f3n, 1% viscosa) (Light Oxford: 93% algod\u00f3n, 7% viscosa)Cuello encintado de la misma telaCuello y pu\u00f1os en canal\u00e9Tapeta con &#8230;<\/p>","protected":false},"featured_media":422079,"comment_status":"open","ping_status":"closed","template":"","meta":{"_acf_changed":false},"product_brand":[11676],"product_cat":[13974,13975,13976,13996,13979,13988,13973],"product_tag":[],"class_list":{"0":"post-390568","1":"product","2":"type-product","3":"status-publish","4":"has-post-thumbnail","6":"product_brand-sg","7":"product_cat-ropa-hombre","8":"product_cat-ropa-mujer","9":"product_cat-ropa-nino","10":"product_cat-n-polos","11":"product_cat-h-polos","12":"product_cat-m-polos","13":"product_cat-ropa","14":"tm-no-options","16":"first","17":"instock","18":"taxable","19":"shipping-taxable","20":"product-type-variable"},"acf":[],"_links":{"self":[{"href":"https:\/\/grupotextil.es\/en\/wp-json\/wp\/v2\/product\/390568","targetHints":{"allow":["GET"]}}],"collection":[{"href":"https:\/\/grupotextil.es\/en\/wp-json\/wp\/v2\/product"}],"about":[{"href":"https:\/\/grupotextil.es\/en\/wp-json\/wp\/v2\/types\/product"}],"replies":[{"embeddable":true,"href":"https:\/\/grupotextil.es\/en\/wp-json\/wp\/v2\/comments?post=390568"}],"wp:featuredmedia":[{"embeddable":true,"href":"https:\/\/grupotextil.es\/en\/wp-json\/wp\/v2\/media\/422079"}],"wp:attachment":[{"href":"https:\/\/grupotextil.es\/en\/wp-json\/wp\/v2\/media?parent=390568"}],"wp:term":[{"taxonomy":"product_brand","embeddable":true,"href":"https:\/\/grupotextil.es\/en\/wp-json\/wp\/v2\/product_brand?post=390568"},{"taxonomy":"product_cat","embeddable":true,"href":"https:\/\/grupotextil.es\/en\/wp-json\/wp\/v2\/product_cat?post=390568"},{"taxonomy":"product_tag","embeddable":true,"href":"https:\/\/grupotextil.es\/en\/wp-json\/wp\/v2\/product_tag?post=390568"}],"curies":[{"name":"wp","href":"https:\/\/api.w.org\/{rel}","templated":true}]}}