{"id":390619,"date":"2026-03-08T04:32:17","date_gmt":"2026-03-08T03:32:17","guid":{"rendered":"https:\/\/grupotextil.es\/producto\/polo-de-trabajo-heavy-duty\/"},"modified":"2026-03-08T04:32:17","modified_gmt":"2026-03-08T03:32:17","slug":"polo-de-trabajo-heavy-duty","status":"publish","type":"product","link":"https:\/\/grupotextil.es\/en\/product\/polo-de-trabajo-heavy-duty\/","title":{"rendered":"Polo de trabajo Heavy Duty"},"content":{"rendered":"<ul>\n<li>215 g\/m\u00b2<\/li>\n<li>100% algod\u00f3n ring-spun piqu\u00e9<\/li>\n<li>Light Oxford: 93% algod\u00f3n, 7% poli\u00e9ster<\/li>\n<li>Sisa con punte de doble aguja, paneles reforzados en el hombre<\/li>\n<li>Cuello de punto plano<\/li>\n<li>Cuello encintado<\/li>\n<li>Canes\u00fa trasero reforzado<\/li>\n<li>Tapeta y aberturas laterales reforzadas<\/li>\n<li>Botones met\u00e1licos cubiertos con pl\u00e1stico<\/li>\n<li>Bolsillo en el pecho<\/li>\n<li>Lavable a m\u00e1quina a 60\u00baC<\/li>\n<\/ul>","protected":false},"excerpt":{"rendered":"<p>215 g\/m\u00b2100% algod\u00f3n ring-spun piqu\u00e9Light Oxford: 93% algod\u00f3n, 7% poli\u00e9sterSisa con punte de doble aguja, paneles reforzados en el hombreCuello de punto planoCuello encintadoCanes\u00fa trasero reforzadoTa<\/p>","protected":false},"featured_media":422084,"comment_status":"open","ping_status":"closed","template":"","meta":{"_acf_changed":false},"product_brand":[11670],"product_cat":[13938],"product_tag":[],"class_list":{"0":"post-390619","1":"product","2":"type-product","3":"status-publish","4":"has-post-thumbnail","6":"product_brand-russell-europe","7":"product_cat-camisas-corporativas","8":"tm-no-options","10":"first","11":"instock","12":"taxable","13":"shipping-taxable","14":"product-type-variable"},"acf":[],"_links":{"self":[{"href":"https:\/\/grupotextil.es\/en\/wp-json\/wp\/v2\/product\/390619","targetHints":{"allow":["GET"]}}],"collection":[{"href":"https:\/\/grupotextil.es\/en\/wp-json\/wp\/v2\/product"}],"about":[{"href":"https:\/\/grupotextil.es\/en\/wp-json\/wp\/v2\/types\/product"}],"replies":[{"embeddable":true,"href":"https:\/\/grupotextil.es\/en\/wp-json\/wp\/v2\/comments?post=390619"}],"wp:featuredmedia":[{"embeddable":true,"href":"https:\/\/grupotextil.es\/en\/wp-json\/wp\/v2\/media\/422084"}],"wp:attachment":[{"href":"https:\/\/grupotextil.es\/en\/wp-json\/wp\/v2\/media?parent=390619"}],"wp:term":[{"taxonomy":"product_brand","embeddable":true,"href":"https:\/\/grupotextil.es\/en\/wp-json\/wp\/v2\/product_brand?post=390619"},{"taxonomy":"product_cat","embeddable":true,"href":"https:\/\/grupotextil.es\/en\/wp-json\/wp\/v2\/product_cat?post=390619"},{"taxonomy":"product_tag","embeddable":true,"href":"https:\/\/grupotextil.es\/en\/wp-json\/wp\/v2\/product_tag?post=390619"}],"curies":[{"name":"wp","href":"https:\/\/api.w.org\/{rel}","templated":true}]}}