{"id":390661,"date":"2026-03-08T04:32:20","date_gmt":"2026-03-08T03:32:20","guid":{"rendered":"https:\/\/grupotextil.es\/producto\/polo-pique-65-35-mujer\/"},"modified":"2026-03-08T04:32:20","modified_gmt":"2026-03-08T03:32:20","slug":"polo-pique-65-35-mujer","status":"publish","type":"product","link":"https:\/\/grupotextil.es\/en\/product\/polo-pique-65-35-mujer\/","title":{"rendered":"Polo piqu\u00e9 65\/35 mujer"},"content":{"rendered":"<ul>\n<li>215 g\/m\u00b2 (White: 210 g\/m\u00b2)<\/li>\n<li>65% poli\u00e9ster, 35% algod\u00f3n ring-spun piqu\u00e9<\/li>\n<li>Cuello encintado de canal\u00e9<\/li>\n<li>Tapeta con 2 botones del mismo color<\/li>\n<li>Bajo de manga sin pu\u00f1os<\/li>\n<li>Costuras laterales<\/li>\n<li>Dobladillo recto con aberturas laterales<\/li>\n<li>Costuras dobles en las mangas y el bajo<\/li>\n<\/ul>","protected":false},"excerpt":{"rendered":"<p>215 g\/m\u00b2 (White: 210 g\/m\u00b2)65% poli\u00e9ster, 35% algod\u00f3n ring-spun piqu\u00e9Cuello encintado de canal\u00e9Tapeta con 2 botones del mismo colorBajo de manga sin pu\u00f1osCosturas lateralesDobladillo recto con abertura<\/p>","protected":false},"featured_media":422107,"comment_status":"open","ping_status":"closed","template":"","meta":{"_acf_changed":false},"product_brand":[11670],"product_cat":[13974,13975,13979,13988,13973],"product_tag":[],"class_list":{"0":"post-390661","1":"product","2":"type-product","3":"status-publish","4":"has-post-thumbnail","6":"product_brand-russell-europe","7":"product_cat-ropa-hombre","8":"product_cat-ropa-mujer","9":"product_cat-h-polos","10":"product_cat-m-polos","11":"product_cat-ropa","12":"tm-no-options","14":"first","15":"instock","16":"taxable","17":"shipping-taxable","18":"product-type-variable"},"acf":[],"_links":{"self":[{"href":"https:\/\/grupotextil.es\/en\/wp-json\/wp\/v2\/product\/390661","targetHints":{"allow":["GET"]}}],"collection":[{"href":"https:\/\/grupotextil.es\/en\/wp-json\/wp\/v2\/product"}],"about":[{"href":"https:\/\/grupotextil.es\/en\/wp-json\/wp\/v2\/types\/product"}],"replies":[{"embeddable":true,"href":"https:\/\/grupotextil.es\/en\/wp-json\/wp\/v2\/comments?post=390661"}],"wp:featuredmedia":[{"embeddable":true,"href":"https:\/\/grupotextil.es\/en\/wp-json\/wp\/v2\/media\/422107"}],"wp:attachment":[{"href":"https:\/\/grupotextil.es\/en\/wp-json\/wp\/v2\/media?parent=390661"}],"wp:term":[{"taxonomy":"product_brand","embeddable":true,"href":"https:\/\/grupotextil.es\/en\/wp-json\/wp\/v2\/product_brand?post=390661"},{"taxonomy":"product_cat","embeddable":true,"href":"https:\/\/grupotextil.es\/en\/wp-json\/wp\/v2\/product_cat?post=390661"},{"taxonomy":"product_tag","embeddable":true,"href":"https:\/\/grupotextil.es\/en\/wp-json\/wp\/v2\/product_tag?post=390661"}],"curies":[{"name":"wp","href":"https:\/\/api.w.org\/{rel}","templated":true}]}}