{"id":390967,"date":"2026-03-08T04:32:59","date_gmt":"2026-03-08T03:32:59","guid":{"rendered":"https:\/\/grupotextil.es\/producto\/mochila-deportiva\/"},"modified":"2026-03-08T04:32:59","modified_gmt":"2026-03-08T03:32:59","slug":"mochila-deportiva","status":"publish","type":"product","link":"https:\/\/grupotextil.es\/en\/product\/mochila-deportiva\/","title":{"rendered":"Mochila deportiva"},"content":{"rendered":"<ul>\n<li>100% poli\u00e9ster (600D\/420D)<\/li>\n<li>Correas acolchadas<\/li>\n<li>Asa de mano<\/li>\n<li>Panel trasero acolchado<\/li>\n<li>Dos compartimentos<\/li>\n<li>Compartimento para port\u00e1til acolchado, compatible hasta 15.6<\/li>\n<li>Bolsillo multimedia y abertura para auriculares<\/li>\n<li>Organizador<\/li>\n<li>Secci\u00f3n el\u00e1stica para botella<\/li>\n<li>Ojales met\u00e1licos para ventilaci\u00f3n<\/li>\n<li>Capacidad: 18 litros<\/li>\n<li>Tama\u00f1o: 31 x 44 x 16 cm<\/li>\n<li>Bordado m\u00e1ximo: aro plano de 22<\/li>\n<li>\u00c1rea m\u00e1xima de impresi\u00f3n: 20 x 18 cm<\/li>\n<\/ul>","protected":false},"excerpt":{"rendered":"<p>100% poli\u00e9ster (600D\/420D)Correas acolchadasAsa de manoPanel trasero acolchadoDos compartimentosCompartimento para port\u00e1til acolchado, compatible hasta 15.<\/p>","protected":false},"featured_media":422245,"comment_status":"open","ping_status":"closed","template":"","meta":{"_acf_changed":false},"product_brand":[11668],"product_cat":[13948,13954,13930],"product_tag":[],"class_list":{"0":"post-390967","1":"product","2":"type-product","3":"status-publish","4":"has-post-thumbnail","6":"product_brand-bag-base","7":"product_cat-accesorios","8":"product_cat-acc-bolsas-y-mochilas","9":"product_cat-laboral","10":"tm-no-options","12":"first","13":"instock","14":"taxable","15":"shipping-taxable","16":"product-type-variable"},"acf":[],"_links":{"self":[{"href":"https:\/\/grupotextil.es\/en\/wp-json\/wp\/v2\/product\/390967","targetHints":{"allow":["GET"]}}],"collection":[{"href":"https:\/\/grupotextil.es\/en\/wp-json\/wp\/v2\/product"}],"about":[{"href":"https:\/\/grupotextil.es\/en\/wp-json\/wp\/v2\/types\/product"}],"replies":[{"embeddable":true,"href":"https:\/\/grupotextil.es\/en\/wp-json\/wp\/v2\/comments?post=390967"}],"wp:featuredmedia":[{"embeddable":true,"href":"https:\/\/grupotextil.es\/en\/wp-json\/wp\/v2\/media\/422245"}],"wp:attachment":[{"href":"https:\/\/grupotextil.es\/en\/wp-json\/wp\/v2\/media?parent=390967"}],"wp:term":[{"taxonomy":"product_brand","embeddable":true,"href":"https:\/\/grupotextil.es\/en\/wp-json\/wp\/v2\/product_brand?post=390967"},{"taxonomy":"product_cat","embeddable":true,"href":"https:\/\/grupotextil.es\/en\/wp-json\/wp\/v2\/product_cat?post=390967"},{"taxonomy":"product_tag","embeddable":true,"href":"https:\/\/grupotextil.es\/en\/wp-json\/wp\/v2\/product_tag?post=390967"}],"curies":[{"name":"wp","href":"https:\/\/api.w.org\/{rel}","templated":true}]}}