{"id":391199,"date":"2026-03-08T04:34:55","date_gmt":"2026-03-08T03:34:55","guid":{"rendered":"https:\/\/grupotextil.es\/producto\/chaleco-aislante-northdale\/"},"modified":"2026-03-08T04:34:55","modified_gmt":"2026-03-08T03:34:55","slug":"chaleco-aislante-northdale","status":"publish","type":"product","link":"https:\/\/grupotextil.es\/en\/product\/chaleco-aislante-northdale\/","title":{"rendered":"Vest aislante Northdale"},"content":{"rendered":"<ul>\n<li>Exterior: 100% Poli\u00e9ster (300D)<\/li>\n<li>Aislamiento de plum\u00f3n Warmloft sint\u00e9tico reciclado<\/li>\n<li>Forro: 100% poli\u00e9ster (tafet\u00e1n, pata de gallo)<\/li>\n<li>Acabado repelente al agua duradero<\/li>\n<li>Cuello interior de canal\u00e9<\/li>\n<li>Cremallera completa con protector de cremallera interior y solapa antitormentas<\/li>\n<li>2 bolsillos inferiores con cremallera<\/li>\n<li>Bolsillo interior de seguridad<\/li>\n<li>Dobladillo con cord\u00f3n ajustable<\/li>\n<li>Bolsillo para port\u00e1til acolchado para port\u00e1tiles y tabletas de hasta 12<\/li>\n<li>Entrada con cremallera oculta en el forro para acceder al bordado.<\/li>\n<\/ul>","protected":false},"excerpt":{"rendered":"<p>Exterior: 100% Poli\u00e9ster (300D)Aislamiento de plum\u00f3n Warmloft sint\u00e9tico recicladoForro: 100% poli\u00e9ster (tafet\u00e1n, pata de gallo)Acabado repelente al agua duraderoCuello interior de canal\u00e9Cremallera &#8230;<\/p>","protected":false},"featured_media":422440,"comment_status":"open","ping_status":"closed","template":"","meta":{"_acf_changed":false},"product_brand":[11656],"product_cat":[13948,13954,13930],"product_tag":[],"class_list":{"0":"post-391199","1":"product","2":"type-product","3":"status-publish","4":"has-post-thumbnail","6":"product_brand-regatta","7":"product_cat-accesorios","8":"product_cat-acc-bolsas-y-mochilas","9":"product_cat-laboral","10":"tm-no-options","12":"first","13":"instock","14":"taxable","15":"shipping-taxable","16":"product-type-variable"},"acf":[],"_links":{"self":[{"href":"https:\/\/grupotextil.es\/en\/wp-json\/wp\/v2\/product\/391199","targetHints":{"allow":["GET"]}}],"collection":[{"href":"https:\/\/grupotextil.es\/en\/wp-json\/wp\/v2\/product"}],"about":[{"href":"https:\/\/grupotextil.es\/en\/wp-json\/wp\/v2\/types\/product"}],"replies":[{"embeddable":true,"href":"https:\/\/grupotextil.es\/en\/wp-json\/wp\/v2\/comments?post=391199"}],"wp:featuredmedia":[{"embeddable":true,"href":"https:\/\/grupotextil.es\/en\/wp-json\/wp\/v2\/media\/422440"}],"wp:attachment":[{"href":"https:\/\/grupotextil.es\/en\/wp-json\/wp\/v2\/media?parent=391199"}],"wp:term":[{"taxonomy":"product_brand","embeddable":true,"href":"https:\/\/grupotextil.es\/en\/wp-json\/wp\/v2\/product_brand?post=391199"},{"taxonomy":"product_cat","embeddable":true,"href":"https:\/\/grupotextil.es\/en\/wp-json\/wp\/v2\/product_cat?post=391199"},{"taxonomy":"product_tag","embeddable":true,"href":"https:\/\/grupotextil.es\/en\/wp-json\/wp\/v2\/product_tag?post=391199"}],"curies":[{"name":"wp","href":"https:\/\/api.w.org\/{rel}","templated":true}]}}