{"id":391332,"date":"2026-03-08T04:36:43","date_gmt":"2026-03-08T03:36:43","guid":{"rendered":"https:\/\/grupotextil.es\/producto\/gorro-de-doble-punto-reciclado-imprimible\/"},"modified":"2026-03-08T04:36:43","modified_gmt":"2026-03-08T03:36:43","slug":"gorro-de-doble-punto-reciclado-imprimible","status":"publish","type":"product","link":"https:\/\/grupotextil.es\/en\/product\/gorro-de-doble-punto-reciclado-imprimible\/","title":{"rendered":"Beanie de doble punto reciclado imprimible"},"content":{"rendered":"<ul>\n<li>340 g\/m\u00b2<\/li>\n<li>50% poli\u00e9ster (reciclado), 50% poliacr\u00edlico (tacto suave)<\/li>\n<li>Parche de algod\u00f3n para impresi\u00f3n<\/li>\n<li>Doble grosor<\/li>\n<li>Prenda de tama\u00f1o completo<\/li>\n<li>Pu\u00f1o profundo<\/li>\n<\/ul>","protected":false},"excerpt":{"rendered":"<p>340 g\/m\u00b250% poli\u00e9ster (reciclado), 50% poliacr\u00edlico (tacto suave)Parche de algod\u00f3n para impresi\u00f3nDoble grosorPrenda de tama\u00f1o completoPu\u00f1o profundo<\/p>","protected":false},"featured_media":422527,"comment_status":"open","ping_status":"closed","template":"","meta":{"_acf_changed":false},"product_brand":[11669],"product_cat":[13948,13954,13930],"product_tag":[],"class_list":{"0":"post-391332","1":"product","2":"type-product","3":"status-publish","4":"has-post-thumbnail","6":"product_brand-result","7":"product_cat-accesorios","8":"product_cat-acc-bolsas-y-mochilas","9":"product_cat-laboral","10":"tm-no-options","12":"first","13":"instock","14":"taxable","15":"shipping-taxable","16":"product-type-variable"},"acf":[],"_links":{"self":[{"href":"https:\/\/grupotextil.es\/en\/wp-json\/wp\/v2\/product\/391332","targetHints":{"allow":["GET"]}}],"collection":[{"href":"https:\/\/grupotextil.es\/en\/wp-json\/wp\/v2\/product"}],"about":[{"href":"https:\/\/grupotextil.es\/en\/wp-json\/wp\/v2\/types\/product"}],"replies":[{"embeddable":true,"href":"https:\/\/grupotextil.es\/en\/wp-json\/wp\/v2\/comments?post=391332"}],"wp:featuredmedia":[{"embeddable":true,"href":"https:\/\/grupotextil.es\/en\/wp-json\/wp\/v2\/media\/422527"}],"wp:attachment":[{"href":"https:\/\/grupotextil.es\/en\/wp-json\/wp\/v2\/media?parent=391332"}],"wp:term":[{"taxonomy":"product_brand","embeddable":true,"href":"https:\/\/grupotextil.es\/en\/wp-json\/wp\/v2\/product_brand?post=391332"},{"taxonomy":"product_cat","embeddable":true,"href":"https:\/\/grupotextil.es\/en\/wp-json\/wp\/v2\/product_cat?post=391332"},{"taxonomy":"product_tag","embeddable":true,"href":"https:\/\/grupotextil.es\/en\/wp-json\/wp\/v2\/product_tag?post=391332"}],"curies":[{"name":"wp","href":"https:\/\/api.w.org\/{rel}","templated":true}]}}