{"id":391394,"date":"2026-03-08T04:37:38","date_gmt":"2026-03-08T03:37:38","guid":{"rendered":"https:\/\/grupotextil.es\/producto\/bolsa-organica-popular-asa-larga\/"},"modified":"2026-03-08T04:37:38","modified_gmt":"2026-03-08T03:37:38","slug":"bolsa-organica-popular-asa-larga","status":"publish","type":"product","link":"https:\/\/grupotextil.es\/en\/product\/bolsa-organica-popular-asa-larga\/","title":{"rendered":"Bag org\u00e1nico Popular asa larga"},"content":{"rendered":"<ul>\n<li>140 g\/m\u00b2<\/li>\n<li>100% algod\u00f3n org\u00e1nico<\/li>\n<li>Asas largas (70 cm aprox)<\/li>\n<li>Puntos formando una cruz en la base de las asas para m\u00e1s estabilidad<\/li>\n<li>Costuras laterales enrolladas para evitar que se encoja<\/li>\n<li>Medidas: 38 x 42 cm<\/li>\n<li>Apropiado para bordado, serigraf\u00eda y transfer (bolsa planchada)<\/li>\n<li>Lavado solo a mano con agua tibia<\/li>\n<\/ul>","protected":false},"excerpt":{"rendered":"<p>140 g\/m\u00b2100% algod\u00f3n org\u00e1nicoAsas largas (70 cm aprox)Puntos formando una cruz en la base de las asas para m\u00e1s estabilidadCosturas laterales enrolladas para evitar que se encojaMedidas: 38 x 42 cmApro<\/p>","protected":false},"featured_media":422586,"comment_status":"open","ping_status":"closed","template":"","meta":{"_acf_changed":false},"product_brand":[11681],"product_cat":[13948,13954,13930],"product_tag":[14009],"class_list":{"0":"post-391394","1":"product","2":"type-product","3":"status-publish","4":"has-post-thumbnail","6":"product_brand-sg-accessories-bags","7":"product_cat-accesorios","8":"product_cat-acc-bolsas-y-mochilas","9":"product_cat-laboral","10":"product_tag-top-ventas","11":"tm-no-options","13":"first","14":"instock","15":"taxable","16":"shipping-taxable","17":"product-type-variable"},"acf":[],"_links":{"self":[{"href":"https:\/\/grupotextil.es\/en\/wp-json\/wp\/v2\/product\/391394","targetHints":{"allow":["GET"]}}],"collection":[{"href":"https:\/\/grupotextil.es\/en\/wp-json\/wp\/v2\/product"}],"about":[{"href":"https:\/\/grupotextil.es\/en\/wp-json\/wp\/v2\/types\/product"}],"replies":[{"embeddable":true,"href":"https:\/\/grupotextil.es\/en\/wp-json\/wp\/v2\/comments?post=391394"}],"wp:featuredmedia":[{"embeddable":true,"href":"https:\/\/grupotextil.es\/en\/wp-json\/wp\/v2\/media\/422586"}],"wp:attachment":[{"href":"https:\/\/grupotextil.es\/en\/wp-json\/wp\/v2\/media?parent=391394"}],"wp:term":[{"taxonomy":"product_brand","embeddable":true,"href":"https:\/\/grupotextil.es\/en\/wp-json\/wp\/v2\/product_brand?post=391394"},{"taxonomy":"product_cat","embeddable":true,"href":"https:\/\/grupotextil.es\/en\/wp-json\/wp\/v2\/product_cat?post=391394"},{"taxonomy":"product_tag","embeddable":true,"href":"https:\/\/grupotextil.es\/en\/wp-json\/wp\/v2\/product_tag?post=391394"}],"curies":[{"name":"wp","href":"https:\/\/api.w.org\/{rel}","templated":true}]}}