{"id":391424,"date":"2026-03-08T04:38:05","date_gmt":"2026-03-08T03:38:05","guid":{"rendered":"https:\/\/grupotextil.es\/producto\/bolsa-impermeable-gear-pequena\/"},"modified":"2026-03-08T04:38:05","modified_gmt":"2026-03-08T03:38:05","slug":"bolsa-impermeable-gear-pequena","status":"publish","type":"product","link":"https:\/\/grupotextil.es\/en\/product\/bolsa-impermeable-gear-pequena\/","title":{"rendered":"Bag impermeable Gear (peque\u00f1a)"},"content":{"rendered":"<ul>\n<li>100 poli\u00e9ster, rivestido con PVC<\/li>\n<li>Correas de hombro ajustables<\/li>\n<li>Compartimento principal con solapa amplia con cremallera<\/li>\n<li>Bolsillo de malla interior grande con cremallera<\/li>\n<li>Asas adicionales en cada lado<\/li>\n<li>Correas de compresi\u00f3n ajustables en laterales<\/li>\n<li>Dimensiones: 51 x 28 x 28 cm Capacidad: 35 litros<\/li>\n<li>Area de impresi\u00f3n: 23&#215;14 cm<\/li>\n<li>Este producto est\u00e1 respaldado por una garant\u00eda de 5 a\u00f1os.<\/li>\n<\/ul>","protected":false},"excerpt":{"rendered":"<p>100 poli\u00e9ster, rivestido con PVCCorreas de hombro ajustablesCompartimento principal con solapa amplia con cremalleraBolsillo de malla interior grande con cremalleraAsas adicionales en cada ladoCorr&#8230;<\/p>","protected":false},"featured_media":422600,"comment_status":"open","ping_status":"closed","template":"","meta":{"_acf_changed":false},"product_brand":[11664],"product_cat":[13948,13954,13930],"product_tag":[],"class_list":{"0":"post-391424","1":"product","2":"type-product","3":"status-publish","4":"has-post-thumbnail","6":"product_brand-stormtech","7":"product_cat-accesorios","8":"product_cat-acc-bolsas-y-mochilas","9":"product_cat-laboral","10":"tm-no-options","12":"first","13":"instock","14":"taxable","15":"shipping-taxable","16":"product-type-variable"},"acf":[],"_links":{"self":[{"href":"https:\/\/grupotextil.es\/en\/wp-json\/wp\/v2\/product\/391424","targetHints":{"allow":["GET"]}}],"collection":[{"href":"https:\/\/grupotextil.es\/en\/wp-json\/wp\/v2\/product"}],"about":[{"href":"https:\/\/grupotextil.es\/en\/wp-json\/wp\/v2\/types\/product"}],"replies":[{"embeddable":true,"href":"https:\/\/grupotextil.es\/en\/wp-json\/wp\/v2\/comments?post=391424"}],"wp:featuredmedia":[{"embeddable":true,"href":"https:\/\/grupotextil.es\/en\/wp-json\/wp\/v2\/media\/422600"}],"wp:attachment":[{"href":"https:\/\/grupotextil.es\/en\/wp-json\/wp\/v2\/media?parent=391424"}],"wp:term":[{"taxonomy":"product_brand","embeddable":true,"href":"https:\/\/grupotextil.es\/en\/wp-json\/wp\/v2\/product_brand?post=391424"},{"taxonomy":"product_cat","embeddable":true,"href":"https:\/\/grupotextil.es\/en\/wp-json\/wp\/v2\/product_cat?post=391424"},{"taxonomy":"product_tag","embeddable":true,"href":"https:\/\/grupotextil.es\/en\/wp-json\/wp\/v2\/product_tag?post=391424"}],"curies":[{"name":"wp","href":"https:\/\/api.w.org\/{rel}","templated":true}]}}