{"id":391717,"date":"2026-03-08T04:41:48","date_gmt":"2026-03-08T03:41:48","guid":{"rendered":"https:\/\/grupotextil.es\/producto\/gorra-110-melange-mix\/"},"modified":"2026-03-08T04:41:48","modified_gmt":"2026-03-08T03:41:48","slug":"gorra-110-melange-mix","status":"publish","type":"product","link":"https:\/\/grupotextil.es\/en\/product\/gorra-110-melange-mix\/","title":{"rendered":"Cap 110 Melange Mix"},"content":{"rendered":"<ul>\n<li>208 g\/m\u00b2<\/li>\n<li>72% Poli\u00e9ster, 22% Viscosa, 6% Elastano<\/li>\n<li>\u00d3ptica melange<\/li>\n<li>6 paneles<\/li>\n<li>Visera con 8 filas de pespuntes<\/li>\n<li>Visera inferior a juego<\/li>\n<li>Visera precurvada<\/li>\n<li>Cierre a presi\u00f3n<\/li>\n<\/ul>","protected":false},"excerpt":{"rendered":"<p>208 g\/m\u00b272% Poli\u00e9ster, 22% Viscosa, 6% Elastano\u00d3ptica melange6 panelesVisera con 8 filas de pespuntesVisera inferior a juegoVisera precurvadaCierre a presi\u00f3n<\/p>","protected":false},"featured_media":422727,"comment_status":"open","ping_status":"closed","template":"","meta":{"_acf_changed":false},"product_brand":[11678],"product_cat":[13948,13954],"product_tag":[],"class_list":{"0":"post-391717","1":"product","2":"type-product","3":"status-publish","4":"has-post-thumbnail","6":"product_brand-flexfit","7":"product_cat-accesorios","8":"product_cat-acc-bolsas-y-mochilas","9":"tm-no-options","11":"first","12":"instock","13":"taxable","14":"shipping-taxable","15":"product-type-variable"},"acf":[],"_links":{"self":[{"href":"https:\/\/grupotextil.es\/en\/wp-json\/wp\/v2\/product\/391717","targetHints":{"allow":["GET"]}}],"collection":[{"href":"https:\/\/grupotextil.es\/en\/wp-json\/wp\/v2\/product"}],"about":[{"href":"https:\/\/grupotextil.es\/en\/wp-json\/wp\/v2\/types\/product"}],"replies":[{"embeddable":true,"href":"https:\/\/grupotextil.es\/en\/wp-json\/wp\/v2\/comments?post=391717"}],"wp:featuredmedia":[{"embeddable":true,"href":"https:\/\/grupotextil.es\/en\/wp-json\/wp\/v2\/media\/422727"}],"wp:attachment":[{"href":"https:\/\/grupotextil.es\/en\/wp-json\/wp\/v2\/media?parent=391717"}],"wp:term":[{"taxonomy":"product_brand","embeddable":true,"href":"https:\/\/grupotextil.es\/en\/wp-json\/wp\/v2\/product_brand?post=391717"},{"taxonomy":"product_cat","embeddable":true,"href":"https:\/\/grupotextil.es\/en\/wp-json\/wp\/v2\/product_cat?post=391717"},{"taxonomy":"product_tag","embeddable":true,"href":"https:\/\/grupotextil.es\/en\/wp-json\/wp\/v2\/product_tag?post=391717"}],"curies":[{"name":"wp","href":"https:\/\/api.w.org\/{rel}","templated":true}]}}