{"id":391809,"date":"2026-03-08T04:42:44","date_gmt":"2026-03-08T03:42:44","guid":{"rendered":"https:\/\/grupotextil.es\/producto\/mochila-basica-osaka\/"},"modified":"2026-03-08T04:42:44","modified_gmt":"2026-03-08T03:42:44","slug":"mochila-basica-osaka","status":"publish","type":"product","link":"https:\/\/grupotextil.es\/en\/product\/mochila-basica-osaka\/","title":{"rendered":"Mochila b\u00e1sica Osaka"},"content":{"rendered":"<ul>\n<li>100% poli\u00e9ster (600D\/420D ripstop)<\/li>\n<li>Correas acolchadas<\/li>\n<li>Asa de mano<\/li>\n<li>2 compartimentos principales con cremallera<\/li>\n<li>2 bolsillos laterales de malla<\/li>\n<li>Capacidad: 27 litros<\/li>\n<li>Medidas: 33 x 44 x 19 cm<\/li>\n<li>Apropiado para serigraf\u00eda, impresi\u00f3n por transfer y bordado<\/li>\n<li>M\u00e1ximo bordado: aro tubular 14<\/li>\n<li>M\u00e1xima \u00e1rea de impresi\u00f3n: 18 x 18 cm<\/li>\n<\/ul>","protected":false},"excerpt":{"rendered":"<p>100% poli\u00e9ster (600D\/420D ripstop)Correas acolchadasAsa de mano2 compartimentos principales con cremallera2 bolsillos laterales de mallaCapacidad: 27 litrosMedidas: 33 x 44 x 19 cmApropiado para serig<\/p>","protected":false},"featured_media":422799,"comment_status":"open","ping_status":"closed","template":"","meta":{"_acf_changed":false},"product_brand":[11660],"product_cat":[13948,13954],"product_tag":[14009],"class_list":{"0":"post-391809","1":"product","2":"type-product","3":"status-publish","4":"has-post-thumbnail","6":"product_brand-shugon","7":"product_cat-accesorios","8":"product_cat-acc-bolsas-y-mochilas","9":"product_tag-top-ventas","10":"tm-no-options","12":"first","13":"instock","14":"taxable","15":"shipping-taxable","16":"product-type-variable"},"acf":[],"_links":{"self":[{"href":"https:\/\/grupotextil.es\/en\/wp-json\/wp\/v2\/product\/391809","targetHints":{"allow":["GET"]}}],"collection":[{"href":"https:\/\/grupotextil.es\/en\/wp-json\/wp\/v2\/product"}],"about":[{"href":"https:\/\/grupotextil.es\/en\/wp-json\/wp\/v2\/types\/product"}],"replies":[{"embeddable":true,"href":"https:\/\/grupotextil.es\/en\/wp-json\/wp\/v2\/comments?post=391809"}],"wp:featuredmedia":[{"embeddable":true,"href":"https:\/\/grupotextil.es\/en\/wp-json\/wp\/v2\/media\/422799"}],"wp:attachment":[{"href":"https:\/\/grupotextil.es\/en\/wp-json\/wp\/v2\/media?parent=391809"}],"wp:term":[{"taxonomy":"product_brand","embeddable":true,"href":"https:\/\/grupotextil.es\/en\/wp-json\/wp\/v2\/product_brand?post=391809"},{"taxonomy":"product_cat","embeddable":true,"href":"https:\/\/grupotextil.es\/en\/wp-json\/wp\/v2\/product_cat?post=391809"},{"taxonomy":"product_tag","embeddable":true,"href":"https:\/\/grupotextil.es\/en\/wp-json\/wp\/v2\/product_tag?post=391809"}],"curies":[{"name":"wp","href":"https:\/\/api.w.org\/{rel}","templated":true}]}}