{"id":391848,"date":"2026-03-08T04:43:15","date_gmt":"2026-03-08T03:43:15","guid":{"rendered":"https:\/\/grupotextil.es\/producto\/snapback-clasica-5-paneles\/"},"modified":"2026-03-08T04:43:15","modified_gmt":"2026-03-08T03:43:15","slug":"snapback-clasica-5-paneles","status":"publish","type":"product","link":"https:\/\/grupotextil.es\/en\/product\/snapback-clasica-5-paneles\/","title":{"rendered":"Snapback Classic 5 Panel"},"content":{"rendered":"<ul>\n<li>400 g\/m\u00b2<\/li>\n<li>100% Algod\u00f3n (sarga)<\/li>\n<li>Forma cl\u00e1sica<\/li>\n<li>5 paneles<\/li>\n<li>Visera plana con 8 filas de pespuntes<\/li>\n<li>Visera inferior en color de contraste (verde)<\/li>\n<li>Cierre a presi\u00f3n<\/li>\n<\/ul>","protected":false},"excerpt":{"rendered":"<p>400 g\/m\u00b2100% Algod\u00f3n (sarga)Forma cl\u00e1sica5 panelesVisera plana con 8 filas de pespuntesVisera inferior en color de contraste (verde)Cierre a presi\u00f3n<\/p>","protected":false},"featured_media":422843,"comment_status":"open","ping_status":"closed","template":"","meta":{"_acf_changed":false},"product_brand":[11678],"product_cat":[13948,13954],"product_tag":[],"class_list":{"0":"post-391848","1":"product","2":"type-product","3":"status-publish","4":"has-post-thumbnail","6":"product_brand-flexfit","7":"product_cat-accesorios","8":"product_cat-acc-bolsas-y-mochilas","9":"tm-no-options","11":"first","12":"instock","13":"taxable","14":"shipping-taxable","15":"product-type-variable"},"acf":[],"_links":{"self":[{"href":"https:\/\/grupotextil.es\/en\/wp-json\/wp\/v2\/product\/391848","targetHints":{"allow":["GET"]}}],"collection":[{"href":"https:\/\/grupotextil.es\/en\/wp-json\/wp\/v2\/product"}],"about":[{"href":"https:\/\/grupotextil.es\/en\/wp-json\/wp\/v2\/types\/product"}],"replies":[{"embeddable":true,"href":"https:\/\/grupotextil.es\/en\/wp-json\/wp\/v2\/comments?post=391848"}],"wp:featuredmedia":[{"embeddable":true,"href":"https:\/\/grupotextil.es\/en\/wp-json\/wp\/v2\/media\/422843"}],"wp:attachment":[{"href":"https:\/\/grupotextil.es\/en\/wp-json\/wp\/v2\/media?parent=391848"}],"wp:term":[{"taxonomy":"product_brand","embeddable":true,"href":"https:\/\/grupotextil.es\/en\/wp-json\/wp\/v2\/product_brand?post=391848"},{"taxonomy":"product_cat","embeddable":true,"href":"https:\/\/grupotextil.es\/en\/wp-json\/wp\/v2\/product_cat?post=391848"},{"taxonomy":"product_tag","embeddable":true,"href":"https:\/\/grupotextil.es\/en\/wp-json\/wp\/v2\/product_tag?post=391848"}],"curies":[{"name":"wp","href":"https:\/\/api.w.org\/{rel}","templated":true}]}}