{"id":392082,"date":"2026-03-08T04:45:51","date_gmt":"2026-03-08T03:45:51","guid":{"rendered":"https:\/\/grupotextil.es\/producto\/bolsa-algodon-guildford\/"},"modified":"2026-03-08T04:45:51","modified_gmt":"2026-03-08T03:45:51","slug":"bolsa-algodon-guildford","status":"publish","type":"product","link":"https:\/\/grupotextil.es\/en\/product\/bolsa-algodon-guildford\/","title":{"rendered":"Bag algod\u00f3n Guildford"},"content":{"rendered":"<ul>\n<li>140 g\/m\u00b2<\/li>\n<li>100% algod\u00f3n<\/li>\n<li>Asas largas para transportar a mano o al hombro<\/li>\n<li>Longitud de las asas: 80 cm<\/li>\n<li>Apropiado para impresi\u00f3n en ambas caras<\/li>\n<li>Apropiado para serigraf\u00eda, impresi\u00f3n transfer y bordado<\/li>\n<li>Capacidad: 15 litros<\/li>\n<li>Medidas: 38 x 42 cm<\/li>\n<li>Bordado m\u00e1ximo: aro tubular 18<\/li>\n<li>\u00c1rea para decoraci\u00f3n: 35 x 38 cm<\/li>\n<\/ul>","protected":false},"excerpt":{"rendered":"<p>140 g\/m\u00b2100% algod\u00f3nAsas largas para transportar a mano o al hombroLongitud de las asas: 80 cmApropiado para impresi\u00f3n en ambas carasApropiado para serigraf\u00eda, impresi\u00f3n transfer y bordadoCapacidad: 1<\/p>","protected":false},"featured_media":423022,"comment_status":"open","ping_status":"closed","template":"","meta":{"_acf_changed":false},"product_brand":[11660],"product_cat":[13948,13954],"product_tag":[],"class_list":{"0":"post-392082","1":"product","2":"type-product","3":"status-publish","4":"has-post-thumbnail","6":"product_brand-shugon","7":"product_cat-accesorios","8":"product_cat-acc-bolsas-y-mochilas","9":"tm-no-options","11":"first","12":"instock","13":"taxable","14":"shipping-taxable","15":"product-type-variable"},"acf":[],"_links":{"self":[{"href":"https:\/\/grupotextil.es\/en\/wp-json\/wp\/v2\/product\/392082","targetHints":{"allow":["GET"]}}],"collection":[{"href":"https:\/\/grupotextil.es\/en\/wp-json\/wp\/v2\/product"}],"about":[{"href":"https:\/\/grupotextil.es\/en\/wp-json\/wp\/v2\/types\/product"}],"replies":[{"embeddable":true,"href":"https:\/\/grupotextil.es\/en\/wp-json\/wp\/v2\/comments?post=392082"}],"wp:featuredmedia":[{"embeddable":true,"href":"https:\/\/grupotextil.es\/en\/wp-json\/wp\/v2\/media\/423022"}],"wp:attachment":[{"href":"https:\/\/grupotextil.es\/en\/wp-json\/wp\/v2\/media?parent=392082"}],"wp:term":[{"taxonomy":"product_brand","embeddable":true,"href":"https:\/\/grupotextil.es\/en\/wp-json\/wp\/v2\/product_brand?post=392082"},{"taxonomy":"product_cat","embeddable":true,"href":"https:\/\/grupotextil.es\/en\/wp-json\/wp\/v2\/product_cat?post=392082"},{"taxonomy":"product_tag","embeddable":true,"href":"https:\/\/grupotextil.es\/en\/wp-json\/wp\/v2\/product_tag?post=392082"}],"curies":[{"name":"wp","href":"https:\/\/api.w.org\/{rel}","templated":true}]}}