{"id":392118,"date":"2026-03-08T04:45:56","date_gmt":"2026-03-08T03:45:56","guid":{"rendered":"https:\/\/grupotextil.es\/producto\/gorra-classic-retro-reciclada-2-colores\/"},"modified":"2026-03-08T04:45:56","modified_gmt":"2026-03-08T03:45:56","slug":"gorra-classic-retro-reciclada-2-colores","status":"publish","type":"product","link":"https:\/\/grupotextil.es\/en\/product\/gorra-classic-retro-reciclada-2-colores\/","title":{"rendered":"Cap cl\u00e1sica retro reciclado 2 colores"},"content":{"rendered":"<ul>\n<li>100% algod\u00f3n<\/li>\n<li>Paneles de malla: 100% poli\u00e9ster (reciclado)<\/li>\n<li>6 paneles<\/li>\n<li>Visera con 8 filas de pespuntes<\/li>\n<li>Visera inferior a juego<\/li>\n<li>Visera precurvado<\/li>\n<li>Cierre a presi\u00f3n<\/li>\n<\/ul>","protected":false},"excerpt":{"rendered":"<p>100% algod\u00f3nPaneles de malla: 100% poli\u00e9ster (reciclado)6 panelesVisera con 8 filas de pespuntesVisera inferior a juegoVisera precurvadoCierre a presi\u00f3n<\/p>","protected":false},"featured_media":423094,"comment_status":"open","ping_status":"closed","template":"","meta":{"_acf_changed":false},"product_brand":[11678],"product_cat":[13948,13954],"product_tag":[],"class_list":{"0":"post-392118","1":"product","2":"type-product","3":"status-publish","4":"has-post-thumbnail","6":"product_brand-flexfit","7":"product_cat-accesorios","8":"product_cat-acc-bolsas-y-mochilas","9":"tm-no-options","11":"first","12":"instock","13":"taxable","14":"shipping-taxable","15":"product-type-variable"},"acf":[],"_links":{"self":[{"href":"https:\/\/grupotextil.es\/en\/wp-json\/wp\/v2\/product\/392118","targetHints":{"allow":["GET"]}}],"collection":[{"href":"https:\/\/grupotextil.es\/en\/wp-json\/wp\/v2\/product"}],"about":[{"href":"https:\/\/grupotextil.es\/en\/wp-json\/wp\/v2\/types\/product"}],"replies":[{"embeddable":true,"href":"https:\/\/grupotextil.es\/en\/wp-json\/wp\/v2\/comments?post=392118"}],"wp:featuredmedia":[{"embeddable":true,"href":"https:\/\/grupotextil.es\/en\/wp-json\/wp\/v2\/media\/423094"}],"wp:attachment":[{"href":"https:\/\/grupotextil.es\/en\/wp-json\/wp\/v2\/media?parent=392118"}],"wp:term":[{"taxonomy":"product_brand","embeddable":true,"href":"https:\/\/grupotextil.es\/en\/wp-json\/wp\/v2\/product_brand?post=392118"},{"taxonomy":"product_cat","embeddable":true,"href":"https:\/\/grupotextil.es\/en\/wp-json\/wp\/v2\/product_cat?post=392118"},{"taxonomy":"product_tag","embeddable":true,"href":"https:\/\/grupotextil.es\/en\/wp-json\/wp\/v2\/product_tag?post=392118"}],"curies":[{"name":"wp","href":"https:\/\/api.w.org\/{rel}","templated":true}]}}