{"id":392184,"date":"2026-03-08T04:46:08","date_gmt":"2026-03-08T03:46:08","guid":{"rendered":"https:\/\/grupotextil.es\/producto\/bolsa-organica-earthaware-xl-asa-larga\/"},"modified":"2026-03-08T04:46:08","modified_gmt":"2026-03-08T03:46:08","slug":"bolsa-organica-earthaware-xl-asa-larga","status":"publish","type":"product","link":"https:\/\/grupotextil.es\/en\/product\/bolsa-organica-earthaware-xl-asa-larga\/","title":{"rendered":"Bag org\u00e1nico EarthAware\u2122 XL asa larga"},"content":{"rendered":"<ul>\n<li>340 g\/m\u00b2<\/li>\n<li>100% algod\u00f3n org\u00e1nico<\/li>\n<li>Tejido de calidad<\/li>\n<li>Asas de algod\u00f3n (longitud: 60 cm)<\/li>\n<li>Cierre en madera<\/li>\n<li>Se puede llevar en la mano o al hombro<\/li>\n<li>Capacidad: 30 litros<\/li>\n<li>Medidas: 40 x 39 x 19 cm<\/li>\n<li>\u00c1rea personalizaci\u00f3n: 52 x 30 cm<\/li>\n<\/ul>","protected":false},"excerpt":{"rendered":"<p>340 g\/m\u00b2100% algod\u00f3n org\u00e1nicoTejido de calidadAsas de algod\u00f3n (longitud: 60 cm)Cierre en maderaSe puede llevar en la mano o al hombroCapacidad: 30 litrosMedidas: 40 x 39 x 19 cm\u00c1rea personalizaci\u00f3n: 5<\/p>","protected":false},"featured_media":423155,"comment_status":"open","ping_status":"closed","template":"","meta":{"_acf_changed":false},"product_brand":[11680],"product_cat":[13948,13954],"product_tag":[],"class_list":{"0":"post-392184","1":"product","2":"type-product","3":"status-publish","4":"has-post-thumbnail","6":"product_brand-westford-mill","7":"product_cat-accesorios","8":"product_cat-acc-bolsas-y-mochilas","9":"tm-no-options","11":"first","12":"instock","13":"taxable","14":"shipping-taxable","15":"product-type-variable"},"acf":[],"_links":{"self":[{"href":"https:\/\/grupotextil.es\/en\/wp-json\/wp\/v2\/product\/392184","targetHints":{"allow":["GET"]}}],"collection":[{"href":"https:\/\/grupotextil.es\/en\/wp-json\/wp\/v2\/product"}],"about":[{"href":"https:\/\/grupotextil.es\/en\/wp-json\/wp\/v2\/types\/product"}],"replies":[{"embeddable":true,"href":"https:\/\/grupotextil.es\/en\/wp-json\/wp\/v2\/comments?post=392184"}],"wp:featuredmedia":[{"embeddable":true,"href":"https:\/\/grupotextil.es\/en\/wp-json\/wp\/v2\/media\/423155"}],"wp:attachment":[{"href":"https:\/\/grupotextil.es\/en\/wp-json\/wp\/v2\/media?parent=392184"}],"wp:term":[{"taxonomy":"product_brand","embeddable":true,"href":"https:\/\/grupotextil.es\/en\/wp-json\/wp\/v2\/product_brand?post=392184"},{"taxonomy":"product_cat","embeddable":true,"href":"https:\/\/grupotextil.es\/en\/wp-json\/wp\/v2\/product_cat?post=392184"},{"taxonomy":"product_tag","embeddable":true,"href":"https:\/\/grupotextil.es\/en\/wp-json\/wp\/v2\/product_tag?post=392184"}],"curies":[{"name":"wp","href":"https:\/\/api.w.org\/{rel}","templated":true}]}}